{"id":2435,"date":"2022-05-27T10:28:31","date_gmt":"2022-05-27T10:28:31","guid":{"rendered":"https:\/\/blog.havaianas-store.com\/politicacookies\/"},"modified":"2025-05-27T11:04:26","modified_gmt":"2025-05-27T11:04:26","slug":"cookies-richtlinie","status":"publish","type":"page","link":"https:\/\/blog.havaianas-store.com\/de\/cookies-richtlinie\/","title":{"rendered":"Cookie-Richtlinie"},"content":{"rendered":"\t\t<div data-elementor-type=\"wp-page\" data-elementor-id=\"2435\" class=\"elementor elementor-2435 elementor-607\" data-elementor-post-type=\"page\">\n\t\t\t\t<div class=\"elementor-element elementor-element-2bf9c52 e-flex e-con-boxed e-con e-parent\" data-id=\"2bf9c52\" data-element_type=\"container\" data-settings=\"{&quot;background_background&quot;:&quot;classic&quot;}\">\n\t\t\t\t\t<div class=\"e-con-inner\">\n\t\t\t\t<div class=\"elementor-element elementor-element-987cc32 elementor-widget elementor-widget-heading\" data-id=\"987cc32\" data-element_type=\"widget\" data-widget_type=\"heading.default\">\n\t\t\t\t<div class=\"elementor-widget-container\">\n\t\t\t\t\t<h1 class=\"elementor-heading-title elementor-size-default\">Cookie-Richtlinie<\/h1>\t\t\t\t<\/div>\n\t\t\t\t<\/div>\n\t\t\t\t<div class=\"elementor-element elementor-element-2a59fb3 elementor-widget elementor-widget-text-editor\" data-id=\"2a59fb3\" data-element_type=\"widget\" data-widget_type=\"text-editor.default\">\n\t\t\t\t<div class=\"elementor-widget-container\">\n\t\t\t\t\t\t\t\t\t<p>Diese Cookie-Richtlinie ist integraler Bestandteil der Allgemeinen Gesch\u00e4ftsbedingungen und der Datenschutzrichtlinie von www.havaianas-store.com (nachfolgend \u201eWebsite\u201c). Der Zugriff auf die Website und das Durchsuchen der Website setzen die Annahme der Cookie-Richtlinie voraus. <\/p><p>Bei Alpargatas Europe S.L.U. (nachfolgend \u201eAnbieter\u201c), mit Sitz in der Avenida Arroyo del Santo, Nr. 4 bis, 28042 Madrid und Steuernummer B8535858596, verwenden wir Cookies oder andere Dateien mit \u00e4hnlicher Funktionalit\u00e4t (nachfolgend \u201eCookies\u201c), um Ihnen die Navigation auf der Website zu erleichtern. F\u00fcr die Cookies ist der jeweilige Anbieter verantwortlich. <\/p><p>In dieser Cookie-Richtlinie informieren wir Sie \u00fcber die von uns verwendeten Arten von Cookies, ihren Zweck, ihr Ablaufdatum, die Verarbeitung der erhaltenen Daten und wie Sie sie verwalten oder l\u00f6schen k\u00f6nnen.<\/p><h2>Was ist ein Cookie?<\/h2><p>Cookies sind Dateien mit kleinen Informationsmengen, die beim Besuch einer Website auf das Ger\u00e4t des Benutzers heruntergeladen werden.<\/p><p>Cookies sind f\u00fcr das Funktionieren des Internets unerl\u00e4sslich, sie k\u00f6nnen Ihrem Ger\u00e4t keinen Schaden zuf\u00fcgen und helfen, wenn sie in Ihren Browsereinstellungen aktiviert sind, dabei, m\u00f6gliche Fehler bei der Funktionsweise der Website zu erkennen und zu beheben. Cookies dienen vielen Zwecken. Sie erm\u00f6glichen Ihnen beispielsweise eine effiziente Navigation zwischen Seiten, speichern Ihre Einstellungen und verbessern allgemein Ihr Benutzererlebnis. Sie tragen au\u00dferdem dazu bei, dass die Anzeigen, die Sie online sehen, f\u00fcr Ihre Interessen am relevantesten sind.  <\/p><h2>Verwendung von Cookies durch den Anbieter<\/h2><p>Indem Sie das Cookie-Banner akzeptieren, das zu Beginn Ihres Browser-Erlebnisses auf der Website angezeigt wird, oder indem Sie die Cookie-Einstellungen konfigurieren, stimmen Sie der Verwendung solcher Cookies auf Ihrem Ger\u00e4t ausdr\u00fccklich zu. Wenn Sie Cookies deaktivieren, funktionieren einige der auf der Website verf\u00fcgbaren Funktionen m\u00f6glicherweise nicht richtig. <\/p><p>Konkret verwendet der Anbieter Cookies f\u00fcr die unten genannten Zwecke. Wir informieren Sie, wenn der Anbieter zuk\u00fcnftig andere Cookies verwendet, um mehr und bessere Dienste anbieten zu k\u00f6nnen. <\/p><h2>Unbedingt erforderliche Cookies<\/h2><p>Diese Cookies sind f\u00fcr die Funktion der Website erforderlich. Wenn Sie diese Cookies l\u00f6schen oder blockieren, kann es sein, dass die Website nicht richtig funktioniert oder nicht richtig funktioniert. Sein Hauptzweck besteht darin, auf Aktionen zu reagieren, die Sie zum Erhalt von Diensten durchf\u00fchren, wie etwa das Anpassen Ihrer Datenschutzeinstellungen, das Anmelden bei der Website oder das Speichern von Informationen, die Sie beim Ausf\u00fcllen von Formularen eingegeben haben. Diese Cookies speichern keine personenbezogenen Daten.  <\/p><h2>LEISTUNGS-COOKIES<\/h2><p>Diese Cookies erm\u00f6glichen es uns, Besuche und Verkehrsquellen zu z\u00e4hlen, um die Leistung der Website zu messen und zu verbessern. Sie helfen uns herauszufinden, welche Seiten der Website am beliebtesten und welche am wenigsten beliebt sind, und zu sehen, wie viele Personen die Website insgesamt besuchen. Alle von diesen Cookies gesammelten Informationen werden zusammengefasst (d. h. wir speichern keine individuellen Besucherhistorien, sondern sammeln Informationen zu allgemeinen Nutzungstrends). Wenn Sie diese Cookies nicht zulassen, wissen wir nicht, wann Sie die Website besucht haben, und daher wird es f\u00fcr uns schwieriger, Inhalte zu erstellen, die denen \u00e4hneln, die das gr\u00f6\u00dfte Interesse wecken.   <\/p><p>* ContentSquare ist eine L\u00f6sung, die Nutzungs- und H\u00e4ufigkeitsdaten aggregiert, um das Benutzererlebnis zu verbessern. Die erstellten Statistiken sind anonym. Klicken Sie hier, um dieses Tracking zu deaktivieren.  <br>Link zur Datenschutzrichtlinie von Contentsquare: https:\/\/www.contentsquare.com\/privacy-and-security\/<\/p><h2>FUNKTIONALE COOKIES<\/h2><p>Mithilfe dieser Cookies kann die Website den Benutzern verbesserte Funktionen und eine individuellere Gestaltung bieten, indem sie sich die Konfigurations\u00e4nderungen merken, die sie an den konfigurierbaren Elementen der Website vornehmen, beispielsweise an die Sprache, in der die Website angezeigt werden soll, oder an die Region, aus der der Benutzer die Website besucht. Sie k\u00f6nnen von uns oder von Dritten festgelegt werden, deren Dienste wir unserer Website hinzugef\u00fcgt haben. Wenn Sie diese Cookies nicht zulassen oder l\u00f6schen, k\u00f6nnen wir uns Ihre Einstellungen nicht merken.  <\/p><h2>Zielgerichtete oder Werbe-Cookies<\/h2><p>Wenn Sie eine Seite der Website besuchen, werden von unseren Werbepartnern und von unseren Servern Targeting- oder Werbe-Cookies auf Ihrem Ger\u00e4t platziert. Diese Arten von Cookies werden verwendet, um basierend auf Ihren Surfgewohnheiten ein Profil Ihrer Interessen zu erstellen und Ihnen durch Identifizierung Ihres Browsers und Ger\u00e4ts relevante Anzeigen auf anderen Websites anzuzeigen. Wenn Sie diese Cookies nicht zulassen, wird Ihnen zwar weiterhin Werbung angezeigt, diese ist jedoch nicht auf Ihre Interessen zugeschnitten.  <\/p><p>Zus\u00e4tzlich zu den unten beschriebenen Cookies bietet die Website die M\u00f6glichkeit, Inhalte in verschiedenen sozialen Netzwerken zu teilen. Die Unternehmen, die diese sozialen Netzwerke betreiben, k\u00f6nnen auch Informationen \u00fcber Ihr Surfverhalten erhalten. Nachfolgend haben wir Links zu den Datenschutzrichtlinien dieser Unternehmen eingef\u00fcgt, damit Sie mehr dar\u00fcber erfahren, wie diese Ihre personenbezogenen Daten verwenden:  <\/p><p>FACEBOOK https:\/\/es-es.facebook.com\/policies\/cookies\/<\/p><p>TWITTER https:\/\/twitter.com\/es\/privacy<\/p><p>PINTEREST https:\/\/policy.pinterest.com\/es\/cookies<\/p><h2>Kontrolle und L\u00f6schung von Cookies<\/h2><p>Mithilfe des Cookie-Einstellungstools der Website haben Sie die M\u00f6glichkeit, Cookies, die Ihre Zustimmung erfordern (d. h. solche, die nicht unbedingt erforderlich sind), abzulehnen oder zu akzeptieren.<br>Sie k\u00f6nnen die auf Ihrem Ger\u00e4t installierten Cookies auch verwalten und l\u00f6schen, indem Sie Ihre Browsereinstellungen \u00e4ndern:<\/p><p>Firefox: https:\/\/support.mozilla.org\/es\/kb\/habilitar-y-deshabilitar-cookies-sitios-web-rastrear-preferencias<\/p><p>Chrome: https:\/\/support.google.com\/accounts\/answer\/61416?hl=es<\/p><p>Explorer: https:\/\/support.microsoft.com\/es-es\/help\/17442\/windows-internet-explorer-dele<\/p><p>Safari: https:\/\/support.apple.com\/es-es\/guide\/safari\/sfri11471\/mac<\/p><p>Opera: https:\/\/help.opera.com\/Windows\/11.50\/es-ES\/cookies.html<\/p><p>Wir weisen Sie darauf hin, dass Sie nicht alle interaktiven Funktionen unserer Website nutzen k\u00f6nnen, wenn Sie die Verwendung von Cookies einschr\u00e4nken m\u00f6chten.<\/p><p>Zuletzt aktualisiert: 15. Oktober 2020.<\/p>\t\t\t\t\t\t\t\t<\/div>\n\t\t\t\t<\/div>\n\t\t\t\t\t<\/div>\n\t\t\t\t<\/div>\n\t\t\t\t<\/div>\n\t\t","protected":false},"excerpt":{"rendered":"<p>Cookie-Richtlinie Diese Cookie-Richtlinie ist integraler Bestandteil der Allgemeinen Gesch\u00e4ftsbedingungen und der Datenschutzrichtlinie von www.havaianas-store.com (nachfolgend \u201eWebsite\u201c). Der Zugriff auf die Website und das Durchsuchen der Website setzen die Annahme der Cookie-Richtlinie voraus. Bei Alpargatas Europe S.L.U. (nachfolgend \u201eAnbieter\u201c), mit Sitz in der Avenida Arroyo del Santo, Nr. 4 bis, 28042 Madrid und Steuernummer B8535858596, verwenden [&hellip;]<\/p>\n","protected":false},"author":2,"featured_media":0,"parent":0,"menu_order":0,"comment_status":"closed","ping_status":"closed","template":"elementor_header_footer","meta":{"footnotes":""},"class_list":["post-2435","page","type-page","status-publish","hentry"],"yoast_head":"<!-- This site is optimized with the Yoast SEO plugin v25.1 - https:\/\/yoast.com\/wordpress\/plugins\/seo\/ -->\n<title>Cookie-Richtlinie | Havaianas Blog<\/title>\n<meta name=\"robots\" content=\"index, follow, max-snippet:-1, max-image-preview:large, max-video-preview:-1\" \/>\n<link rel=\"canonical\" href=\"https:\/\/blog.havaianas-store.com\/de\/cookies-richtlinie\/\" \/>\n<meta property=\"og:locale\" content=\"de_DE\" \/>\n<meta property=\"og:type\" content=\"article\" \/>\n<meta property=\"og:title\" content=\"Cookie-Richtlinie | Havaianas Blog\" \/>\n<meta property=\"og:description\" content=\"Cookie-Richtlinie Diese Cookie-Richtlinie ist integraler Bestandteil der Allgemeinen Gesch\u00e4ftsbedingungen und der Datenschutzrichtlinie von www.havaianas-store.com (nachfolgend \u201eWebsite\u201c). Der Zugriff auf die Website und das Durchsuchen der Website setzen die Annahme der Cookie-Richtlinie voraus. Bei Alpargatas Europe S.L.U. (nachfolgend \u201eAnbieter\u201c), mit Sitz in der Avenida Arroyo del Santo, Nr. 4 bis, 28042 Madrid und Steuernummer B8535858596, verwenden [&hellip;]\" \/>\n<meta property=\"og:url\" content=\"https:\/\/blog.havaianas-store.com\/de\/cookies-richtlinie\/\" \/>\n<meta property=\"og:site_name\" content=\"Havaianas Blog\" \/>\n<meta property=\"article:modified_time\" content=\"2025-05-27T11:04:26+00:00\" \/>\n<meta name=\"twitter:card\" content=\"summary_large_image\" \/>\n<meta name=\"twitter:label1\" content=\"Gesch\u00e4tzte Lesezeit\" \/>\n\t<meta name=\"twitter:data1\" content=\"5\u00a0Minuten\" \/>\n<script type=\"application\/ld+json\" class=\"yoast-schema-graph\">{\"@context\":\"https:\/\/schema.org\",\"@graph\":[{\"@type\":\"WebPage\",\"@id\":\"https:\/\/blog.havaianas-store.com\/de\/cookies-richtlinie\/\",\"url\":\"https:\/\/blog.havaianas-store.com\/de\/cookies-richtlinie\/\",\"name\":\"Cookie-Richtlinie | Havaianas Blog\",\"isPartOf\":{\"@id\":\"https:\/\/blog.havaianas-store.com\/#website\"},\"datePublished\":\"2022-05-27T10:28:31+00:00\",\"dateModified\":\"2025-05-27T11:04:26+00:00\",\"breadcrumb\":{\"@id\":\"https:\/\/blog.havaianas-store.com\/de\/cookies-richtlinie\/#breadcrumb\"},\"inLanguage\":\"de\",\"potentialAction\":[{\"@type\":\"ReadAction\",\"target\":[\"https:\/\/blog.havaianas-store.com\/de\/cookies-richtlinie\/\"]}]},{\"@type\":\"BreadcrumbList\",\"@id\":\"https:\/\/blog.havaianas-store.com\/de\/cookies-richtlinie\/#breadcrumb\",\"itemListElement\":[{\"@type\":\"ListItem\",\"position\":1,\"name\":\"Home\",\"item\":\"https:\/\/blog.havaianas-store.com\/de\/home\/\"},{\"@type\":\"ListItem\",\"position\":2,\"name\":\"Cookie-Richtlinie\"}]},{\"@type\":\"WebSite\",\"@id\":\"https:\/\/blog.havaianas-store.com\/#website\",\"url\":\"https:\/\/blog.havaianas-store.com\/\",\"name\":\"Havaianas Blog\",\"description\":\"\",\"publisher\":{\"@id\":\"https:\/\/blog.havaianas-store.com\/#organization\"},\"potentialAction\":[{\"@type\":\"SearchAction\",\"target\":{\"@type\":\"EntryPoint\",\"urlTemplate\":\"https:\/\/blog.havaianas-store.com\/?s={search_term_string}\"},\"query-input\":{\"@type\":\"PropertyValueSpecification\",\"valueRequired\":true,\"valueName\":\"search_term_string\"}}],\"inLanguage\":\"de\"},{\"@type\":\"Organization\",\"@id\":\"https:\/\/blog.havaianas-store.com\/#organization\",\"name\":\"Havaianas Blog\",\"url\":\"https:\/\/blog.havaianas-store.com\/\",\"logo\":{\"@type\":\"ImageObject\",\"inLanguage\":\"de\",\"@id\":\"https:\/\/blog.havaianas-store.com\/#\/schema\/logo\/image\/\",\"url\":\"https:\/\/blog.havaianas-store.com\/wp-content\/uploads\/2022\/05\/logo_2.png\",\"contentUrl\":\"https:\/\/blog.havaianas-store.com\/wp-content\/uploads\/2022\/05\/logo_2.png\",\"width\":293,\"height\":138,\"caption\":\"Havaianas Blog\"},\"image\":{\"@id\":\"https:\/\/blog.havaianas-store.com\/#\/schema\/logo\/image\/\"}}]}<\/script>\n<!-- \/ Yoast SEO plugin. -->","yoast_head_json":{"title":"Cookie-Richtlinie | Havaianas Blog","robots":{"index":"index","follow":"follow","max-snippet":"max-snippet:-1","max-image-preview":"max-image-preview:large","max-video-preview":"max-video-preview:-1"},"canonical":"https:\/\/blog.havaianas-store.com\/de\/cookies-richtlinie\/","og_locale":"de_DE","og_type":"article","og_title":"Cookie-Richtlinie | Havaianas Blog","og_description":"Cookie-Richtlinie Diese Cookie-Richtlinie ist integraler Bestandteil der Allgemeinen Gesch\u00e4ftsbedingungen und der Datenschutzrichtlinie von www.havaianas-store.com (nachfolgend \u201eWebsite\u201c). Der Zugriff auf die Website und das Durchsuchen der Website setzen die Annahme der Cookie-Richtlinie voraus. Bei Alpargatas Europe S.L.U. (nachfolgend \u201eAnbieter\u201c), mit Sitz in der Avenida Arroyo del Santo, Nr. 4 bis, 28042 Madrid und Steuernummer B8535858596, verwenden [&hellip;]","og_url":"https:\/\/blog.havaianas-store.com\/de\/cookies-richtlinie\/","og_site_name":"Havaianas Blog","article_modified_time":"2025-05-27T11:04:26+00:00","twitter_card":"summary_large_image","twitter_misc":{"Gesch\u00e4tzte Lesezeit":"5\u00a0Minuten"},"schema":{"@context":"https:\/\/schema.org","@graph":[{"@type":"WebPage","@id":"https:\/\/blog.havaianas-store.com\/de\/cookies-richtlinie\/","url":"https:\/\/blog.havaianas-store.com\/de\/cookies-richtlinie\/","name":"Cookie-Richtlinie | Havaianas Blog","isPartOf":{"@id":"https:\/\/blog.havaianas-store.com\/#website"},"datePublished":"2022-05-27T10:28:31+00:00","dateModified":"2025-05-27T11:04:26+00:00","breadcrumb":{"@id":"https:\/\/blog.havaianas-store.com\/de\/cookies-richtlinie\/#breadcrumb"},"inLanguage":"de","potentialAction":[{"@type":"ReadAction","target":["https:\/\/blog.havaianas-store.com\/de\/cookies-richtlinie\/"]}]},{"@type":"BreadcrumbList","@id":"https:\/\/blog.havaianas-store.com\/de\/cookies-richtlinie\/#breadcrumb","itemListElement":[{"@type":"ListItem","position":1,"name":"Home","item":"https:\/\/blog.havaianas-store.com\/de\/home\/"},{"@type":"ListItem","position":2,"name":"Cookie-Richtlinie"}]},{"@type":"WebSite","@id":"https:\/\/blog.havaianas-store.com\/#website","url":"https:\/\/blog.havaianas-store.com\/","name":"Havaianas Blog","description":"","publisher":{"@id":"https:\/\/blog.havaianas-store.com\/#organization"},"potentialAction":[{"@type":"SearchAction","target":{"@type":"EntryPoint","urlTemplate":"https:\/\/blog.havaianas-store.com\/?s={search_term_string}"},"query-input":{"@type":"PropertyValueSpecification","valueRequired":true,"valueName":"search_term_string"}}],"inLanguage":"de"},{"@type":"Organization","@id":"https:\/\/blog.havaianas-store.com\/#organization","name":"Havaianas Blog","url":"https:\/\/blog.havaianas-store.com\/","logo":{"@type":"ImageObject","inLanguage":"de","@id":"https:\/\/blog.havaianas-store.com\/#\/schema\/logo\/image\/","url":"https:\/\/blog.havaianas-store.com\/wp-content\/uploads\/2022\/05\/logo_2.png","contentUrl":"https:\/\/blog.havaianas-store.com\/wp-content\/uploads\/2022\/05\/logo_2.png","width":293,"height":138,"caption":"Havaianas Blog"},"image":{"@id":"https:\/\/blog.havaianas-store.com\/#\/schema\/logo\/image\/"}}]}},"_links":{"self":[{"href":"https:\/\/blog.havaianas-store.com\/de\/wp-json\/wp\/v2\/pages\/2435","targetHints":{"allow":["GET"]}}],"collection":[{"href":"https:\/\/blog.havaianas-store.com\/de\/wp-json\/wp\/v2\/pages"}],"about":[{"href":"https:\/\/blog.havaianas-store.com\/de\/wp-json\/wp\/v2\/types\/page"}],"author":[{"embeddable":true,"href":"https:\/\/blog.havaianas-store.com\/de\/wp-json\/wp\/v2\/users\/2"}],"replies":[{"embeddable":true,"href":"https:\/\/blog.havaianas-store.com\/de\/wp-json\/wp\/v2\/comments?post=2435"}],"version-history":[{"count":31,"href":"https:\/\/blog.havaianas-store.com\/de\/wp-json\/wp\/v2\/pages\/2435\/revisions"}],"predecessor-version":[{"id":9834,"href":"https:\/\/blog.havaianas-store.com\/de\/wp-json\/wp\/v2\/pages\/2435\/revisions\/9834"}],"wp:attachment":[{"href":"https:\/\/blog.havaianas-store.com\/de\/wp-json\/wp\/v2\/media?parent=2435"}],"curies":[{"name":"wp","href":"https:\/\/api.w.org\/{rel}","templated":true}]}}