{"id":2436,"date":"2022-04-06T07:02:17","date_gmt":"2022-04-06T07:02:17","guid":{"rendered":"https:\/\/blog.havaianas-store.com\/politica-privacidad\/"},"modified":"2025-05-27T11:03:38","modified_gmt":"2025-05-27T11:03:38","slug":"datenschutzerklarung","status":"publish","type":"page","link":"https:\/\/blog.havaianas-store.com\/de\/datenschutzerklarung\/","title":{"rendered":"Datenschutzerkl\u00e4rung"},"content":{"rendered":"\t\t<div data-elementor-type=\"wp-page\" data-elementor-id=\"2436\" class=\"elementor elementor-2436 elementor-3\" data-elementor-post-type=\"page\">\n\t\t\t\t<div class=\"elementor-element elementor-element-a7ef2a2 e-flex e-con-boxed e-con e-parent\" data-id=\"a7ef2a2\" data-element_type=\"container\" data-settings=\"{&quot;background_background&quot;:&quot;classic&quot;}\">\n\t\t\t\t\t<div class=\"e-con-inner\">\n\t\t\t\t<div class=\"elementor-element elementor-element-b43031f elementor-widget elementor-widget-heading\" data-id=\"b43031f\" data-element_type=\"widget\" data-widget_type=\"heading.default\">\n\t\t\t\t<div class=\"elementor-widget-container\">\n\t\t\t\t\t<h1 class=\"elementor-heading-title elementor-size-default\">Datenschutzerkl\u00e4rung<\/h1>\t\t\t\t<\/div>\n\t\t\t\t<\/div>\n\t\t\t\t<div class=\"elementor-element elementor-element-665d7ce elementor-widget elementor-widget-text-editor\" data-id=\"665d7ce\" data-element_type=\"widget\" data-widget_type=\"text-editor.default\">\n\t\t\t\t<div class=\"elementor-widget-container\">\n\t\t\t\t\t\t\t\t\t<p>Der Zweck dieser Datenschutzrichtlinie besteht darin, betroffene Personen \u00fcber die Erhebung und Verarbeitung personenbezogener Daten zu informieren, die von Kunden oder Benutzern \u00fcber die Website www.havaianas-store.com (nachfolgend \u201eWebsite\u201c) bereitgestellt werden.<\/p><p>Die Website ist Eigentum von ALPARGATAS EUROPE S.L.U. mit Sitz in Avenida Arroyo del Santo, 4 bis, 28042 Madrid, und der spanischen Steuernummer B85358596, die f\u00fcr die Erhebung und Verarbeitung Ihrer personenbezogenen Daten verantwortlich ist (im Folgenden \u201eALPARGATAS\u201c).<\/p><h2>1. Zweck der Verarbeitung<\/h2><p>ALPARGATAS informiert Sie dar\u00fcber, dass die personenbezogenen Daten, die Sie uns beim i) Surfen auf der Website, ii) bei Anfragen, die Sie \u00fcber die im Abschnitt \u201eKontakt\u201c der Website angegebenen Kan\u00e4le stellen, sowie bei Anfragen im Zusammenhang mit der Verwaltung Ihres Abonnements unseres Newsletters und\/oder dem Versand von kommerziellen Mitteilungen und\/oder iii) bei der Anforderung oder dem Kauf eines Produkts oder bei einer Transaktion oder einem Vorgang, den Sie \u00fcber die Website durchf\u00fchren, zur Verf\u00fcgung stellen, zu folgenden Zwecken verarbeitet werden:   <\/p><p>Verwalten Sie jede Situation im vorvertraglichen und\/oder vertraglichen Rahmen, um:<\/p><p>&#8211; Identifizieren Sie sich und unterst\u00fctzen Sie gegebenenfalls Ihre Registrierung.<\/p><p>\u2013 Kontaktieren Sie uns und beantworten Sie alle Ihre Fragen. In diesem Fall senden wir Ihnen m\u00f6glicherweise eine E-Mail, um den Registrierungsprozess abzuschlie\u00dfen. <\/p><p>\u2013 F\u00fchren Sie alle notwendigen Aktionen und Verfahren im Zusammenhang mit Ihrem Kauf durch.<\/p><p>\u2013 F\u00fchren Sie alle erforderlichen Schritte durch, wenn Sie in einer vorvertraglichen oder vertraglichen Beziehung stehen.<\/p><p>\u2013 F\u00fchren Sie alle notwendigen Schritte durch, damit Sie in den Genuss unserer Sonderangebote und Rabatte kommen.<\/p><p>&#8211; Sie per E-Mail \u00fcber den Status Ihres Warenkorbs zu informieren.<\/p><p>\u2013 Zeichnen Sie unser Telefongespr\u00e4ch auf, um Details zu kl\u00e4ren und f\u00fcr interne Schulungs- und Qualit\u00e4tskontrollzwecke im Kundenservice. Wenn Sie eine Zahlung per Telefon vornehmen m\u00f6chten, zeichnen wir den Teil des Gespr\u00e4chs nicht auf, der Ihre Bankkontonummer, Ihren Sicherheitscode oder Ihre Zahlungskartendaten enth\u00e4lt. <\/p><p>\u2013 Fordern Sie Ihre Bankdaten in Ausnahmef\u00e4llen an, wenn Sie die Stornierung Ihrer Bestellung beantragt haben und eine R\u00fcckerstattung des entsprechenden Betrags auf demselben Weg, den Sie bei der Bestellung verwendet haben, nicht mehr m\u00f6glich ist.<\/p><p>F\u00fchren Sie Benutzerfreundlichkeits- und Qualit\u00e4tsanalysen durch, um unsere Dienste zu verbessern und um:<\/p><p>\u2013 Erstellen Sie statistische Profile.<\/p><p>\u2013 Um Ihre Meinung zu erfahren und Umfragen zu unseren Produkten, Dienstleistungen und Ihrer Beziehung zu ALPARGATAS durchzuf\u00fchren, wenn Sie uns Ihre Zustimmung gegeben haben.<\/p><p>Durchf\u00fchrung von Marketingaktionen, vorbehaltlich Ihrer Zustimmung, um:<\/p><p>\u2013 Ihnen auf beliebige Weise Informationen \u00fcber Produkte, Aktivit\u00e4ten und Werbeaktionen der Marke Havaianas zu senden.<\/p><p>\u2013 Senden Sie Ihnen personalisierte und verbesserte Produktangebote, Werbeaktionen und Aktionen der Marke Havaianas durch automatisiertes Profiling.<\/p><p>\u2013 Senden Sie Ihnen regelm\u00e4\u00dfig unseren Newsletter.<\/p><p>\u2013 Halten Sie Ihre Havaianas-Produktwunschliste aktiv.<\/p><p>\u2013 Senden Sie Benachrichtigungen, wenn ein Produkt auf Lager ist.<\/p><p>Durchf\u00fchrung von Personalma\u00dfnahmen, wenn die Verarbeitung Ihrer personenbezogenen Daten erforderlich ist und gegebenenfalls Ihrer ausdr\u00fccklichen Zustimmung bedarf, um:<\/p><p>\u2013 Leiten Sie Ihre Daten an unsere Personalabteilung weiter, um Ihre \u00fcber die Website eingereichte Bewerbung zu bearbeiten.<\/p><p>\u2013 F\u00fchren Sie alle erforderlichen Schritte durch, damit Sie auf Wunsch von den Vorteilen unseres Treueprogramms profitieren k\u00f6nnen.<\/p><h2>2. Rechtsgrundlage f\u00fcr die Verarbeitung personenbezogener Daten<\/h2><p>Die Rechtsgrundlagen, auf denen wir Ihre personenbezogenen Daten verarbeiten, sind:<\/p><p>\u2013 Die Ausf\u00fchrung des Vertrags, den Sie akzeptieren, wenn Sie sich registrieren und einen Kauf t\u00e4tigen.<\/p><p>\u2013 Freiwillig erteilte Einwilligung zum Zweck der Verwaltung Ihrer Anfragen und\/oder Bewerbungen, einschlie\u00dflich Fragen, Anfragen und\/oder Beschwerden, der Verwaltung von Registrierungen und K\u00fcndigungen, des Versands kommerzieller Mitteilungen \u00fcber Produkte und Dienstleistungen und um Ihnen die Nutzung unserer Dienstleistungen oder Funktionen zu erm\u00f6glichen. Obwohl Sie Ihre Einwilligung jederzeit widerrufen k\u00f6nnen, k\u00f6nnen wir ohne diese Einwilligung Ihre Anfragen nicht beantworten. Die Rechtm\u00e4\u00dfigkeit der bereits erfolgten Verarbeitung bleibt hiervon unber\u00fchrt.  <\/p><p>\u2013 Berechtigtes Interesse an der Durchf\u00fchrung von Zufriedenheitsumfragen und der \u00dcberwachung der Benutzernutzung der Computersysteme, \u00fcber die die Dienste angeboten werden.<\/p><h2>3. DATENSPEICHERUNG<\/h2><p>Die bereitgestellten Daten werden f\u00fcr den Zeitraum gespeichert, der erforderlich ist, um die Einhaltung der gesetzlichen Verpflichtungen von ALPARGATAS sicherzustellen, einschlie\u00dflich:<\/p><p>\u2013 Bei Verarbeitungsvorg\u00e4ngen, die auf der Einwilligung des Nutzers beruhen, werden personenbezogene Daten so lange gespeichert, bis der Nutzer die erteilte Einwilligung widerruft.<\/p><p>\u2013 Bei Aktivit\u00e4ten, die auf dem berechtigten Interesse von ALPARGATAS beruhen, werden personenbezogene Daten so lange aufbewahrt, bis der Benutzer der Verarbeitung widerspricht.<\/p><p>\u2013 F\u00fcr die Verarbeitung auf Grundlage des mit dem Kauf unserer Produkte begr\u00fcndeten Vertragsverh\u00e4ltnisses werden personenbezogene Daten f\u00fcr die Dauer der sich aus der Bereitstellung dieser Produkte ergebenden Verpflichtungen oder Verantwortlichkeiten gespeichert.<\/p><p>Sobald Sie Ihre Einwilligung widerrufen oder der Verarbeitung widersprechen, werden die Daten in jedem Fall gesperrt und bis zum Ablauf der gesetzlichen Sperrfristen im Zusammenhang mit den Verantwortlichkeiten von ALPARGATAS aufbewahrt.<\/p><p>Um die angemessene Aufbewahrungsfrist f\u00fcr Ihre personenbezogenen Daten zu bestimmen, ber\u00fccksichtigt ALPARGATAS die Menge, Art und Sensibilit\u00e4t der personenbezogenen Daten, das potenzielle Schadensrisiko durch unbefugte Verwendung oder Offenlegung Ihrer personenbezogenen Daten, die Zwecke, f\u00fcr die wir Ihre personenbezogenen Daten verarbeiten, und ob ALPARGATAS diese Zwecke zus\u00e4tzlich zu den geltenden gesetzlichen, beh\u00f6rdlichen, steuerlichen, buchhalterischen oder sonstigen Anforderungen auch auf andere Weise erreichen kann.<\/p><h2>4. OFFENLEGUNG UND ZUGRIFF AUF IHRE DATEN<\/h2><p>Wir informieren Sie dar\u00fcber, dass Ihre personenbezogenen Daten an andere Unternehmen der ALPARGATAS-Gruppe sowie an unsere Tochtergesellschaften und Franchisenehmer im Europ\u00e4ischen Wirtschaftsraum weitergegeben werden k\u00f6nnen, um Dienstleistungen im Zusammenhang mit Ihrem Kauf und der Lieferung von Produkten zu erbringen.<\/p><p>In diesem Zusammenhang hat ALPARGATAS alle erforderlichen rechtlichen Ma\u00dfnahmen ergriffen, um sicherzustellen, dass die Daten\u00fcbertragung in diese L\u00e4nder sicher und in \u00dcbereinstimmung mit den geltenden Vorschriften erfolgt.<\/p><p>Dar\u00fcber hinaus k\u00f6nnen Dienstleister oder Lieferanten, mit denen wir entsprechende Vereinbarungen getroffen haben, auf Ihre Daten zugreifen, wenn sie den Zugriff auf diese Daten ben\u00f6tigen, um die Beziehung von ALPARGATAS zu seinen Kunden aufrechtzuerhalten. In jedem Fall werden die notwendigen rechtlichen und organisatorischen Ma\u00dfnahmen getroffen, um die Sicherheit und den Zugriff auf die Daten zu gew\u00e4hrleisten. <\/p><h2>5. Sicherheit bei der Verarbeitung Ihrer Daten<\/h2><p>ALPARGATAS hat die notwendigen technischen und organisatorischen Sicherheitsma\u00dfnahmen implementiert, um die Sicherheit Ihrer personenbezogenen Daten zu gew\u00e4hrleisten und deren Ver\u00e4nderung, Verlust und unbefugte Verarbeitung und\/oder Zugriff zu verhindern. Dabei werden der Stand der Technik, die Art der gespeicherten Daten und die Risiken ber\u00fccksichtigt, denen sie ausgesetzt sind, sei es durch menschliches Handeln oder die physische und nat\u00fcrliche Umgebung.<\/p><p>S\u00e4mtliche Verarbeitungen im Zusammenhang mit den Diensten dieser Website werden ausschlie\u00dflich von dem f\u00fcr die Datenverarbeitung zust\u00e4ndigen Personal bzw. dem mit Wartungsarbeiten befassten Personal durchgef\u00fchrt.<\/p><h2>6. AKTUALISIERUNG DER DATEN<\/h2><p>Sie m\u00fcssen ALPARGATAS \u00fcber alle \u00c4nderungen der von Ihnen bereitgestellten Informationen informieren und sind in jedem Fall jederzeit f\u00fcr die Wahrhaftigkeit und Genauigkeit dieser Informationen verantwortlich.<\/p><h2>7. WELCHE RECHTE HABEN DIE BETROFFENEN?<\/h2><p>Gem\u00e4\u00df den Datenschutzbestimmungen haben Sie das Recht:<\/p><p>\u2013 Auskunftsrecht. Sie haben das Recht, eine Best\u00e4tigung dar\u00fcber zu erhalten, ob personenbezogene Daten verarbeitet werden oder nicht. Ist dies der Fall, haben Sie das Recht auf Auskunft \u00fcber diese Daten und Informationen unter anderem \u00fcber die Zwecke der Verarbeitung, die Kategorien personenbezogener Daten, die verarbeitet werden, die Empf\u00e4nger, denen die personenbezogenen Daten offengelegt werden, die geplante Dauer, f\u00fcr die die personenbezogenen Daten gespeichert werden. <\/p><p>\u2013 Recht auf Berichtigung unrichtiger personenbezogener Daten. Sie haben das Recht, die Berichtigung Sie betreffender unrichtiger personenbezogener Daten zu verlangen. <\/p><p>\u2013 Recht auf Daten\u00fcbertragbarkeit. Sie haben das Recht, Ihre personenbezogenen Daten in einem strukturierten, allgemein verwendeten und maschinenlesbaren Format zu erhalten und diese Daten in den gesetzlich vorgesehenen F\u00e4llen ungehindert einem anderen Verantwortlichen zur Verf\u00fcgung zu stellen. <\/p><p>\u2013 Einwilligung widerrufen. Sie k\u00f6nnen Ihre Einwilligung jederzeit widerrufen, ohne dass dadurch die Rechtm\u00e4\u00dfigkeit der bereits erfolgten Verarbeitung ber\u00fchrt wird. <\/p><p>\u2013 Widerspruchsrecht gegen Verarbeitungst\u00e4tigkeiten, die auf berechtigten Interessen beruhen.<\/p><p>\u2013 Das Recht auf L\u00f6schung Ihrer personenbezogenen Daten, wenn diese f\u00fcr die Zwecke, f\u00fcr die sie erhoben wurden, nicht mehr erforderlich sind.<\/p><p>\u2013 Das Recht, die Einschr\u00e4nkung der Verarbeitung personenbezogener Daten zu verlangen, die anschlie\u00dfend nur noch zur Begr\u00fcndung, Aus\u00fcbung oder Verteidigung von Rechtsanspr\u00fcchen verarbeitet werden.<\/p><p>Die oben genannten Rechte k\u00f6nnen durch Senden einer schriftlichen Mitteilung an die folgende E-Mail-Adresse ausge\u00fcbt werden: dataprotection@alpargatas.com.<\/p><p>Wir informieren Sie, dass ALPARGATAS das ausge\u00fcbte Recht innerhalb eines Monats ab dem Datum des Eingangs der Anfrage pr\u00fcfen wird. Je nach Komplexit\u00e4t und Anzahl der Antr\u00e4ge kann sich diese Frist auf bis zu zwei Monate verl\u00e4ngern. In diesem Fall wird der Interessent benachrichtigt. <\/p><p>Dar\u00fcber hinaus k\u00f6nnen Sie bei der zust\u00e4ndigen Aufsichtsbeh\u00f6rde Beschwerde hinsichtlich der Verarbeitung Ihrer personenbezogenen Daten einlegen, wenn Sie der Ansicht sind, dass Ihre Rechte nach geltendem Recht verletzt wurden.<\/p><h2>8. INTERNATIONALE DATEN\u00dcBERTRAGUNGEN<\/h2><p>Wir informieren Sie, dass, obwohl keine internationale \u00dcbermittlung geplant ist, die Bereitstellung von Diensten durch ALPARGATAS f\u00fcr seine Kunden mit impliziten internationalen Daten\u00fcbertragungen verbunden sein kann. In diesem Fall werden derartige \u00dcbertragungen gem\u00e4\u00df den Bestimmungen der geltenden Datenschutzgesetze geregelt, wie von den genannten Dritten angegeben. <\/p><h2>9. PERSONENBEZOGENE DATEN DRITTER<\/h2><p>Wenn Sie personenbezogene Daten einer anderen Person angeben, m\u00fcssen Sie diese Person vor der Angabe oder \u00dcbermittlung dieser Daten \u00fcber den Inhalt dieser Datenschutzrichtlinie informieren. In jedem Fall garantieren Sie, dass Sie die vorherige Zustimmung dieser Dritten zur \u00dcbermittlung Ihrer personenbezogenen Daten an ALPARGATAS eingeholt haben. <\/p><h2>10. \u00c4NDERUNG DER DATENSCHUTZERKL\u00c4RUNG<\/h2><p>ALPARGATAS beh\u00e4lt sich das Recht vor, diese Datenschutzrichtlinie jederzeit zu \u00e4ndern und\/oder zu aktualisieren, um sie an die geltende Gesetzgebung anzupassen. In jedem Fall wird die neue Richtlinie auf dieser Website ver\u00f6ffentlicht und bleibt den Benutzern und Besuchern jederzeit zug\u00e4nglich. Wir empfehlen Ihnen, die Website regelm\u00e4\u00dfig zu \u00fcberpr\u00fcfen, um sicherzustellen, dass Sie \u00fcber alle \u00c4nderungen informiert sind.  <\/p>\t\t\t\t\t\t\t\t<\/div>\n\t\t\t\t<\/div>\n\t\t\t\t\t<\/div>\n\t\t\t\t<\/div>\n\t\t\t\t<\/div>\n\t\t","protected":false},"excerpt":{"rendered":"<p>Datenschutzerkl\u00e4rung Der Zweck dieser Datenschutzrichtlinie besteht darin, betroffene Personen \u00fcber die Erhebung und Verarbeitung personenbezogener Daten zu informieren, die von Kunden oder Benutzern \u00fcber die Website www.havaianas-store.com (nachfolgend \u201eWebsite\u201c) bereitgestellt werden. Die Website ist Eigentum von ALPARGATAS EUROPE S.L.U. mit Sitz in Avenida Arroyo del Santo, 4 bis, 28042 Madrid, und der spanischen Steuernummer B85358596, [&hellip;]<\/p>\n","protected":false},"author":1,"featured_media":0,"parent":0,"menu_order":0,"comment_status":"closed","ping_status":"closed","template":"elementor_header_footer","meta":{"footnotes":""},"class_list":["post-2436","page","type-page","status-publish","hentry"],"yoast_head":"<!-- This site is optimized with the Yoast SEO plugin v25.1 - https:\/\/yoast.com\/wordpress\/plugins\/seo\/ -->\n<title>Datenschutzerkl\u00e4rung | Havaianas Blog<\/title>\n<meta name=\"robots\" content=\"index, follow, max-snippet:-1, max-image-preview:large, max-video-preview:-1\" \/>\n<link rel=\"canonical\" href=\"https:\/\/blog.havaianas-store.com\/de\/datenschutzerklarung\/\" \/>\n<meta property=\"og:locale\" content=\"de_DE\" \/>\n<meta property=\"og:type\" content=\"article\" \/>\n<meta property=\"og:title\" content=\"Datenschutzerkl\u00e4rung | Havaianas Blog\" \/>\n<meta property=\"og:description\" content=\"Datenschutzerkl\u00e4rung Der Zweck dieser Datenschutzrichtlinie besteht darin, betroffene Personen \u00fcber die Erhebung und Verarbeitung personenbezogener Daten zu informieren, die von Kunden oder Benutzern \u00fcber die Website www.havaianas-store.com (nachfolgend \u201eWebsite\u201c) bereitgestellt werden. Die Website ist Eigentum von ALPARGATAS EUROPE S.L.U. mit Sitz in Avenida Arroyo del Santo, 4 bis, 28042 Madrid, und der spanischen Steuernummer B85358596, [&hellip;]\" \/>\n<meta property=\"og:url\" content=\"https:\/\/blog.havaianas-store.com\/de\/datenschutzerklarung\/\" \/>\n<meta property=\"og:site_name\" content=\"Havaianas Blog\" \/>\n<meta property=\"article:modified_time\" content=\"2025-05-27T11:03:38+00:00\" \/>\n<meta name=\"twitter:card\" content=\"summary_large_image\" \/>\n<meta name=\"twitter:label1\" content=\"Gesch\u00e4tzte Lesezeit\" \/>\n\t<meta name=\"twitter:data1\" content=\"8\u00a0Minuten\" \/>\n<script type=\"application\/ld+json\" class=\"yoast-schema-graph\">{\"@context\":\"https:\/\/schema.org\",\"@graph\":[{\"@type\":\"WebPage\",\"@id\":\"https:\/\/blog.havaianas-store.com\/de\/datenschutzerklarung\/\",\"url\":\"https:\/\/blog.havaianas-store.com\/de\/datenschutzerklarung\/\",\"name\":\"Datenschutzerkl\u00e4rung | Havaianas Blog\",\"isPartOf\":{\"@id\":\"https:\/\/blog.havaianas-store.com\/#website\"},\"datePublished\":\"2022-04-06T07:02:17+00:00\",\"dateModified\":\"2025-05-27T11:03:38+00:00\",\"breadcrumb\":{\"@id\":\"https:\/\/blog.havaianas-store.com\/de\/datenschutzerklarung\/#breadcrumb\"},\"inLanguage\":\"de\",\"potentialAction\":[{\"@type\":\"ReadAction\",\"target\":[\"https:\/\/blog.havaianas-store.com\/de\/datenschutzerklarung\/\"]}]},{\"@type\":\"BreadcrumbList\",\"@id\":\"https:\/\/blog.havaianas-store.com\/de\/datenschutzerklarung\/#breadcrumb\",\"itemListElement\":[{\"@type\":\"ListItem\",\"position\":1,\"name\":\"Home\",\"item\":\"https:\/\/blog.havaianas-store.com\/de\/home\/\"},{\"@type\":\"ListItem\",\"position\":2,\"name\":\"Datenschutzerkl\u00e4rung\"}]},{\"@type\":\"WebSite\",\"@id\":\"https:\/\/blog.havaianas-store.com\/#website\",\"url\":\"https:\/\/blog.havaianas-store.com\/\",\"name\":\"Havaianas Blog\",\"description\":\"\",\"publisher\":{\"@id\":\"https:\/\/blog.havaianas-store.com\/#organization\"},\"potentialAction\":[{\"@type\":\"SearchAction\",\"target\":{\"@type\":\"EntryPoint\",\"urlTemplate\":\"https:\/\/blog.havaianas-store.com\/?s={search_term_string}\"},\"query-input\":{\"@type\":\"PropertyValueSpecification\",\"valueRequired\":true,\"valueName\":\"search_term_string\"}}],\"inLanguage\":\"de\"},{\"@type\":\"Organization\",\"@id\":\"https:\/\/blog.havaianas-store.com\/#organization\",\"name\":\"Havaianas Blog\",\"url\":\"https:\/\/blog.havaianas-store.com\/\",\"logo\":{\"@type\":\"ImageObject\",\"inLanguage\":\"de\",\"@id\":\"https:\/\/blog.havaianas-store.com\/#\/schema\/logo\/image\/\",\"url\":\"https:\/\/blog.havaianas-store.com\/wp-content\/uploads\/2022\/05\/logo_2.png\",\"contentUrl\":\"https:\/\/blog.havaianas-store.com\/wp-content\/uploads\/2022\/05\/logo_2.png\",\"width\":293,\"height\":138,\"caption\":\"Havaianas Blog\"},\"image\":{\"@id\":\"https:\/\/blog.havaianas-store.com\/#\/schema\/logo\/image\/\"}}]}<\/script>\n<!-- \/ Yoast SEO plugin. -->","yoast_head_json":{"title":"Datenschutzerkl\u00e4rung | Havaianas Blog","robots":{"index":"index","follow":"follow","max-snippet":"max-snippet:-1","max-image-preview":"max-image-preview:large","max-video-preview":"max-video-preview:-1"},"canonical":"https:\/\/blog.havaianas-store.com\/de\/datenschutzerklarung\/","og_locale":"de_DE","og_type":"article","og_title":"Datenschutzerkl\u00e4rung | Havaianas Blog","og_description":"Datenschutzerkl\u00e4rung Der Zweck dieser Datenschutzrichtlinie besteht darin, betroffene Personen \u00fcber die Erhebung und Verarbeitung personenbezogener Daten zu informieren, die von Kunden oder Benutzern \u00fcber die Website www.havaianas-store.com (nachfolgend \u201eWebsite\u201c) bereitgestellt werden. Die Website ist Eigentum von ALPARGATAS EUROPE S.L.U. mit Sitz in Avenida Arroyo del Santo, 4 bis, 28042 Madrid, und der spanischen Steuernummer B85358596, [&hellip;]","og_url":"https:\/\/blog.havaianas-store.com\/de\/datenschutzerklarung\/","og_site_name":"Havaianas Blog","article_modified_time":"2025-05-27T11:03:38+00:00","twitter_card":"summary_large_image","twitter_misc":{"Gesch\u00e4tzte Lesezeit":"8\u00a0Minuten"},"schema":{"@context":"https:\/\/schema.org","@graph":[{"@type":"WebPage","@id":"https:\/\/blog.havaianas-store.com\/de\/datenschutzerklarung\/","url":"https:\/\/blog.havaianas-store.com\/de\/datenschutzerklarung\/","name":"Datenschutzerkl\u00e4rung | Havaianas Blog","isPartOf":{"@id":"https:\/\/blog.havaianas-store.com\/#website"},"datePublished":"2022-04-06T07:02:17+00:00","dateModified":"2025-05-27T11:03:38+00:00","breadcrumb":{"@id":"https:\/\/blog.havaianas-store.com\/de\/datenschutzerklarung\/#breadcrumb"},"inLanguage":"de","potentialAction":[{"@type":"ReadAction","target":["https:\/\/blog.havaianas-store.com\/de\/datenschutzerklarung\/"]}]},{"@type":"BreadcrumbList","@id":"https:\/\/blog.havaianas-store.com\/de\/datenschutzerklarung\/#breadcrumb","itemListElement":[{"@type":"ListItem","position":1,"name":"Home","item":"https:\/\/blog.havaianas-store.com\/de\/home\/"},{"@type":"ListItem","position":2,"name":"Datenschutzerkl\u00e4rung"}]},{"@type":"WebSite","@id":"https:\/\/blog.havaianas-store.com\/#website","url":"https:\/\/blog.havaianas-store.com\/","name":"Havaianas Blog","description":"","publisher":{"@id":"https:\/\/blog.havaianas-store.com\/#organization"},"potentialAction":[{"@type":"SearchAction","target":{"@type":"EntryPoint","urlTemplate":"https:\/\/blog.havaianas-store.com\/?s={search_term_string}"},"query-input":{"@type":"PropertyValueSpecification","valueRequired":true,"valueName":"search_term_string"}}],"inLanguage":"de"},{"@type":"Organization","@id":"https:\/\/blog.havaianas-store.com\/#organization","name":"Havaianas Blog","url":"https:\/\/blog.havaianas-store.com\/","logo":{"@type":"ImageObject","inLanguage":"de","@id":"https:\/\/blog.havaianas-store.com\/#\/schema\/logo\/image\/","url":"https:\/\/blog.havaianas-store.com\/wp-content\/uploads\/2022\/05\/logo_2.png","contentUrl":"https:\/\/blog.havaianas-store.com\/wp-content\/uploads\/2022\/05\/logo_2.png","width":293,"height":138,"caption":"Havaianas Blog"},"image":{"@id":"https:\/\/blog.havaianas-store.com\/#\/schema\/logo\/image\/"}}]}},"_links":{"self":[{"href":"https:\/\/blog.havaianas-store.com\/de\/wp-json\/wp\/v2\/pages\/2436","targetHints":{"allow":["GET"]}}],"collection":[{"href":"https:\/\/blog.havaianas-store.com\/de\/wp-json\/wp\/v2\/pages"}],"about":[{"href":"https:\/\/blog.havaianas-store.com\/de\/wp-json\/wp\/v2\/types\/page"}],"author":[{"embeddable":true,"href":"https:\/\/blog.havaianas-store.com\/de\/wp-json\/wp\/v2\/users\/1"}],"replies":[{"embeddable":true,"href":"https:\/\/blog.havaianas-store.com\/de\/wp-json\/wp\/v2\/comments?post=2436"}],"version-history":[{"count":22,"href":"https:\/\/blog.havaianas-store.com\/de\/wp-json\/wp\/v2\/pages\/2436\/revisions"}],"predecessor-version":[{"id":9927,"href":"https:\/\/blog.havaianas-store.com\/de\/wp-json\/wp\/v2\/pages\/2436\/revisions\/9927"}],"wp:attachment":[{"href":"https:\/\/blog.havaianas-store.com\/de\/wp-json\/wp\/v2\/media?parent=2436"}],"curies":[{"name":"wp","href":"https:\/\/api.w.org\/{rel}","templated":true}]}}