{"id":2139,"date":"2022-05-27T10:28:31","date_gmt":"2022-05-27T10:28:31","guid":{"rendered":"https:\/\/blog.havaianas-store.com\/politicacookies\/"},"modified":"2025-05-27T11:11:31","modified_gmt":"2025-05-27T11:11:31","slug":"politique-cookies","status":"publish","type":"page","link":"https:\/\/blog.havaianas-store.com\/fr\/politique-cookies\/","title":{"rendered":"Politique de cookies"},"content":{"rendered":"\t\t<div data-elementor-type=\"wp-page\" data-elementor-id=\"2139\" class=\"elementor elementor-2139 elementor-607\" data-elementor-post-type=\"page\">\n\t\t\t\t<div class=\"elementor-element elementor-element-2bf9c52 e-flex e-con-boxed e-con e-parent\" data-id=\"2bf9c52\" data-element_type=\"container\" data-settings=\"{&quot;background_background&quot;:&quot;classic&quot;}\">\n\t\t\t\t\t<div class=\"e-con-inner\">\n\t\t\t\t<div class=\"elementor-element elementor-element-987cc32 elementor-widget elementor-widget-heading\" data-id=\"987cc32\" data-element_type=\"widget\" data-widget_type=\"heading.default\">\n\t\t\t\t<div class=\"elementor-widget-container\">\n\t\t\t\t\t<h1 class=\"elementor-heading-title elementor-size-default\">Politique de cookies<\/h1>\t\t\t\t<\/div>\n\t\t\t\t<\/div>\n\t\t\t\t<div class=\"elementor-element elementor-element-2a59fb3 elementor-widget elementor-widget-text-editor\" data-id=\"2a59fb3\" data-element_type=\"widget\" data-widget_type=\"text-editor.default\">\n\t\t\t\t<div class=\"elementor-widget-container\">\n\t\t\t\t\t\t\t\t\t<p>Cette politique de cookies fait partie int\u00e9grante des conditions g\u00e9n\u00e9rales et de la politique de protection des donn\u00e9es de www.havaianas-store.com (ci-apr\u00e8s, le \u00ab Site Web \u00bb). L&rsquo;acc\u00e8s et la navigation sur le Site impliquent l&rsquo;acceptation de la Politique relative aux Cookies. <\/p><p>Chez Alpargatas Europe S.L.U. (ci-apr\u00e8s, le \u00ab prestataire \u00bb), dont le si\u00e8ge social est situ\u00e9 Avenida Arroyo del Santo, n\u00ba 4 bis, 28042 Madrid et CIF B8535858596, nous utilisons des cookies ou d&rsquo;autres fichiers ayant des fonctionnalit\u00e9s similaires (ci-apr\u00e8s, les \u00ab Cookies \u00bb) afin de faciliter votre navigation sur le Site Web. Le fournisseur est responsable des Cookies. <\/p><p>Dans cette politique de cookies, nous vous informons des types de cookies que nous utilisons, de leur finalit\u00e9, de leur date d&rsquo;expiration, du traitement des donn\u00e9es obtenues et de la mani\u00e8re dont vous pouvez les g\u00e9rer ou les supprimer.<\/p><h2>Qu&rsquo;est-ce qu&rsquo;un cookie ?<\/h2><p>Les cookies sont des fichiers contenant de petites quantit\u00e9s d&rsquo;informations qui sont t\u00e9l\u00e9charg\u00e9es sur l&rsquo;appareil de l&rsquo;utilisateur lorsqu&rsquo;il visite un site Web.<\/p><p>Les cookies sont essentiels au fonctionnement d&rsquo;Internet, ils ne peuvent pas endommager votre appareil et, s&rsquo;ils sont activ\u00e9s dans les param\u00e8tres de votre navigateur, ils aident \u00e0 identifier et \u00e0 r\u00e9soudre d&rsquo;\u00e9ventuelles erreurs dans le fonctionnement du site Web. Les cookies servent \u00e0 de nombreuses fins, comme vous permettre de naviguer efficacement entre les pages, m\u00e9moriser vos pr\u00e9f\u00e9rences et, de mani\u00e8re g\u00e9n\u00e9rale, am\u00e9liorer votre exp\u00e9rience utilisateur. Ils contribuent \u00e9galement \u00e0 garantir que les publicit\u00e9s que vous voyez en ligne correspondent le mieux \u00e0 vos int\u00e9r\u00eats.  <\/p><h2>Utilisation des cookies par le fournisseur<\/h2><p>En acceptant la banni\u00e8re Cookies qui appara\u00eet au d\u00e9but de votre navigation sur le Site ou en configurant les param\u00e8tres des Cookies, vous acceptez express\u00e9ment l&rsquo;utilisation de ces Cookies sur votre appareil. Si vous d\u00e9sactivez les cookies, certaines des fonctionnalit\u00e9s disponibles sur le site Web risquent de ne pas fonctionner correctement. <\/p><p>Plus pr\u00e9cis\u00e9ment, le fournisseur utilise des cookies aux fins d\u00e9crites ci-dessous. Nous vous informerons si le fournisseur utilise d&rsquo;autres cookies \u00e0 l&rsquo;avenir dans le but de fournir des services plus nombreux et de meilleure qualit\u00e9. <\/p><h2>COOKIES STRICTEMENT N\u00c9CESSAIRES<\/h2><p>Ces cookies sont n\u00e9cessaires au fonctionnement du site Web, et si vous les supprimez ou les bloquez, le site Web peut ne pas fonctionner correctement ou ne pas fonctionner correctement. Son objectif principal est de r\u00e9pondre aux actions que vous effectuez pour recevoir des services, telles que l\u2019ajustement de vos pr\u00e9f\u00e9rences de confidentialit\u00e9, la connexion au site Web ou la m\u00e9morisation des informations saisies lors du remplissage de formulaires. Ces cookies ne stockent aucune information personnellement identifiable.  <\/p><h2>COOKIES DE PERFORMANCE<\/h2><p>Ces cookies nous permettent de compter les visites et les sources de trafic afin de pouvoir mesurer et am\u00e9liorer les performances du site Web. Ils nous aident \u00e0 savoir quelles pages du site Web sont les plus et les moins populaires et \u00e0 voir combien de personnes visitent le site Web en g\u00e9n\u00e9ral. Toutes les informations collect\u00e9es par ces cookies sont agr\u00e9g\u00e9es (c&rsquo;est-\u00e0-dire que nous ne stockons pas les historiques de visiteurs individuels, mais collectons plut\u00f4t des informations sur les tendances g\u00e9n\u00e9rales d&rsquo;utilisation). Si vous n&rsquo;autorisez pas ces cookies, nous ne saurons pas quand vous avez visit\u00e9 le site Web et, par cons\u00e9quent, il nous sera plus difficile de g\u00e9n\u00e9rer un contenu similaire \u00e0 celui qui g\u00e9n\u00e8re le plus d&rsquo;int\u00e9r\u00eat.   <\/p><p>* ContentSquare est une solution qui regroupe les donn\u00e9es d&rsquo;utilisation et de fr\u00e9quence pour am\u00e9liorer l&rsquo;exp\u00e9rience utilisateur. Les statistiques g\u00e9n\u00e9r\u00e9es sont anonymes. Pour d\u00e9sactiver ce suivi, cliquez ici.  <br>Lien vers la politique de confidentialit\u00e9 de Contentsquare : https:\/\/www.contentsquare.com\/privacy-and-security\/<\/p><h2>COOKIES DE FONCTIONNALIT\u00c9<\/h2><p>Ces cookies permettent au site Web d&rsquo;offrir des fonctionnalit\u00e9s et une personnalisation am\u00e9lior\u00e9es aux utilisateurs en m\u00e9morisant les modifications de configuration qu&rsquo;ils apportent aux \u00e9l\u00e9ments configurables du site Web, tels que la langue dans laquelle le site Web doit \u00eatre affich\u00e9 ou la r\u00e9gion \u00e0 partir de laquelle l&rsquo;utilisateur visite. Ils peuvent \u00eatre d\u00e9finis par nous ou par des tiers dont nous avons ajout\u00e9 les services \u00e0 notre site Web. Si vous n&rsquo;autorisez pas ou ne supprimez pas ces cookies, nous ne pourrons pas m\u00e9moriser vos pr\u00e9f\u00e9rences.  <\/p><h2>Cookies cibl\u00e9s ou publicitaires<\/h2><p>Des cookies de ciblage ou de publicit\u00e9 sont plac\u00e9s sur votre appareil lorsque vous visitez une page du Site Web, par nos partenaires publicitaires et depuis nos serveurs. Ces types de cookies sont utilis\u00e9s pour cr\u00e9er un profil de vos int\u00e9r\u00eats en fonction de vos habitudes de navigation et vous montrer des publicit\u00e9s pertinentes sur d&rsquo;autres sites Web en identifiant votre navigateur et votre appareil. Si vous n&rsquo;autorisez pas ces cookies, des publicit\u00e9s vous seront toujours pr\u00e9sent\u00e9es, mais elles ne seront pas adapt\u00e9es \u00e0 vos int\u00e9r\u00eats.  <\/p><p>En plus des Cookies d\u00e9crits ci-dessous, le Site offre la possibilit\u00e9 de partager du contenu sur diff\u00e9rents r\u00e9seaux sociaux. Les entreprises qui exploitent ces r\u00e9seaux sociaux peuvent \u00e9galement obtenir des informations sur vos habitudes de navigation. Nous avons inclus ci-dessous des liens vers les politiques de confidentialit\u00e9 de ces entreprises afin que vous puissiez en savoir plus sur la mani\u00e8re dont elles peuvent utiliser vos donn\u00e9es personnelles :  <\/p><p>FACEBOOK https:\/\/es-es.facebook.com\/policies\/cookies\/<\/p><p>TWITTER https:\/\/twitter.com\/es\/privacy<\/p><p>PINTEREST https:\/\/policy.pinterest.com\/es\/cookies<\/p><h2>Contr\u00f4le et suppression des cookies<\/h2><p>En utilisant l&rsquo;outil de param\u00e9trage des cookies du site Web, vous avez la possibilit\u00e9 de refuser ou d&rsquo;accepter les cookies qui n\u00e9cessitent votre consentement (c&rsquo;est-\u00e0-dire ceux qui ne sont pas strictement n\u00e9cessaires).<br>Vous pouvez \u00e9galement g\u00e9rer et supprimer les cookies install\u00e9s sur votre appareil en modifiant les param\u00e8tres de votre navigateur :<\/p><p>Firefox : https:\/\/support.mozilla.org\/es\/kb\/habilitar-y-deshabilitar-cookies-sitios-web-rastrear-preferences<\/p><p>Chrome : https:\/\/support.google.com\/accounts\/answer\/61416?hl=es<\/p><p>Explorer: https:\/\/support.microsoft.com\/es-es\/help\/17442\/windows-internet-explorer-dele<\/p><p>Safari: https:\/\/support.apple.com\/es-es\/guide\/safari\/sfri11471\/mac<\/p><p>Opera: https:\/\/help.opera.com\/Windows\/11.50\/es-ES\/cookies.html<\/p><p>Te recordamos que, si deseas limitar el uso de Cookies, no podr\u00e1s utilizar todas las funciones interactivas de nuestro Sitio Web.<\/p><p>Derni\u00e8re mise \u00e0 jour : 15 octobre 2020.<\/p>\t\t\t\t\t\t\t\t<\/div>\n\t\t\t\t<\/div>\n\t\t\t\t\t<\/div>\n\t\t\t\t<\/div>\n\t\t\t\t<\/div>\n\t\t","protected":false},"excerpt":{"rendered":"<p>Politique de cookies Cette politique de cookies fait partie int\u00e9grante des conditions g\u00e9n\u00e9rales et de la politique de protection des donn\u00e9es de www.havaianas-store.com (ci-apr\u00e8s, le \u00ab Site Web \u00bb). L&rsquo;acc\u00e8s et la navigation sur le Site impliquent l&rsquo;acceptation de la Politique relative aux Cookies. Chez Alpargatas Europe S.L.U. (ci-apr\u00e8s, le \u00ab prestataire \u00bb), dont le [&hellip;]<\/p>\n","protected":false},"author":2,"featured_media":0,"parent":0,"menu_order":0,"comment_status":"closed","ping_status":"closed","template":"elementor_header_footer","meta":{"footnotes":""},"class_list":["post-2139","page","type-page","status-publish","hentry"],"yoast_head":"<!-- This site is optimized with the Yoast SEO plugin v25.1 - https:\/\/yoast.com\/wordpress\/plugins\/seo\/ -->\n<title>Politique de cookies | Blog Havaianas<\/title>\n<meta name=\"robots\" content=\"index, follow, max-snippet:-1, max-image-preview:large, max-video-preview:-1\" \/>\n<link rel=\"canonical\" href=\"https:\/\/blog.havaianas-store.com\/fr\/politique-cookies\/\" \/>\n<meta property=\"og:locale\" content=\"fr_FR\" \/>\n<meta property=\"og:type\" content=\"article\" \/>\n<meta property=\"og:title\" content=\"Politique de cookies | Blog Havaianas\" \/>\n<meta property=\"og:description\" content=\"Politique de cookies Cette politique de cookies fait partie int\u00e9grante des conditions g\u00e9n\u00e9rales et de la politique de protection des donn\u00e9es de www.havaianas-store.com (ci-apr\u00e8s, le \u00ab Site Web \u00bb). L&rsquo;acc\u00e8s et la navigation sur le Site impliquent l&rsquo;acceptation de la Politique relative aux Cookies. Chez Alpargatas Europe S.L.U. (ci-apr\u00e8s, le \u00ab prestataire \u00bb), dont le [&hellip;]\" \/>\n<meta property=\"og:url\" content=\"https:\/\/blog.havaianas-store.com\/fr\/politique-cookies\/\" \/>\n<meta property=\"og:site_name\" content=\"Blog Havaianas\" \/>\n<meta property=\"article:modified_time\" content=\"2025-05-27T11:11:31+00:00\" \/>\n<meta name=\"twitter:card\" content=\"summary_large_image\" \/>\n<meta name=\"twitter:label1\" content=\"Dur\u00e9e de lecture estim\u00e9e\" \/>\n\t<meta name=\"twitter:data1\" content=\"5 minutes\" \/>\n<script type=\"application\/ld+json\" class=\"yoast-schema-graph\">{\"@context\":\"https:\/\/schema.org\",\"@graph\":[{\"@type\":\"WebPage\",\"@id\":\"https:\/\/blog.havaianas-store.com\/fr\/politique-cookies\/\",\"url\":\"https:\/\/blog.havaianas-store.com\/fr\/politique-cookies\/\",\"name\":\"Politique de cookies | Blog Havaianas\",\"isPartOf\":{\"@id\":\"https:\/\/blog.havaianas-store.com\/#website\"},\"datePublished\":\"2022-05-27T10:28:31+00:00\",\"dateModified\":\"2025-05-27T11:11:31+00:00\",\"breadcrumb\":{\"@id\":\"https:\/\/blog.havaianas-store.com\/fr\/politique-cookies\/#breadcrumb\"},\"inLanguage\":\"fr-FR\",\"potentialAction\":[{\"@type\":\"ReadAction\",\"target\":[\"https:\/\/blog.havaianas-store.com\/fr\/politique-cookies\/\"]}]},{\"@type\":\"BreadcrumbList\",\"@id\":\"https:\/\/blog.havaianas-store.com\/fr\/politique-cookies\/#breadcrumb\",\"itemListElement\":[{\"@type\":\"ListItem\",\"position\":1,\"name\":\"Home\",\"item\":\"https:\/\/blog.havaianas-store.com\/fr\/home\/\"},{\"@type\":\"ListItem\",\"position\":2,\"name\":\"Politique de cookies\"}]},{\"@type\":\"WebSite\",\"@id\":\"https:\/\/blog.havaianas-store.com\/#website\",\"url\":\"https:\/\/blog.havaianas-store.com\/\",\"name\":\"Blog Havaianas\",\"description\":\"\",\"publisher\":{\"@id\":\"https:\/\/blog.havaianas-store.com\/#organization\"},\"potentialAction\":[{\"@type\":\"SearchAction\",\"target\":{\"@type\":\"EntryPoint\",\"urlTemplate\":\"https:\/\/blog.havaianas-store.com\/?s={search_term_string}\"},\"query-input\":{\"@type\":\"PropertyValueSpecification\",\"valueRequired\":true,\"valueName\":\"search_term_string\"}}],\"inLanguage\":\"fr-FR\"},{\"@type\":\"Organization\",\"@id\":\"https:\/\/blog.havaianas-store.com\/#organization\",\"name\":\"Blog Havaianas\",\"url\":\"https:\/\/blog.havaianas-store.com\/\",\"logo\":{\"@type\":\"ImageObject\",\"inLanguage\":\"fr-FR\",\"@id\":\"https:\/\/blog.havaianas-store.com\/#\/schema\/logo\/image\/\",\"url\":\"https:\/\/blog.havaianas-store.com\/wp-content\/uploads\/2022\/05\/logo_2.png\",\"contentUrl\":\"https:\/\/blog.havaianas-store.com\/wp-content\/uploads\/2022\/05\/logo_2.png\",\"width\":293,\"height\":138,\"caption\":\"Blog Havaianas\"},\"image\":{\"@id\":\"https:\/\/blog.havaianas-store.com\/#\/schema\/logo\/image\/\"}}]}<\/script>\n<!-- \/ Yoast SEO plugin. -->","yoast_head_json":{"title":"Politique de cookies | Blog Havaianas","robots":{"index":"index","follow":"follow","max-snippet":"max-snippet:-1","max-image-preview":"max-image-preview:large","max-video-preview":"max-video-preview:-1"},"canonical":"https:\/\/blog.havaianas-store.com\/fr\/politique-cookies\/","og_locale":"fr_FR","og_type":"article","og_title":"Politique de cookies | Blog Havaianas","og_description":"Politique de cookies Cette politique de cookies fait partie int\u00e9grante des conditions g\u00e9n\u00e9rales et de la politique de protection des donn\u00e9es de www.havaianas-store.com (ci-apr\u00e8s, le \u00ab Site Web \u00bb). L&rsquo;acc\u00e8s et la navigation sur le Site impliquent l&rsquo;acceptation de la Politique relative aux Cookies. Chez Alpargatas Europe S.L.U. (ci-apr\u00e8s, le \u00ab prestataire \u00bb), dont le [&hellip;]","og_url":"https:\/\/blog.havaianas-store.com\/fr\/politique-cookies\/","og_site_name":"Blog Havaianas","article_modified_time":"2025-05-27T11:11:31+00:00","twitter_card":"summary_large_image","twitter_misc":{"Dur\u00e9e de lecture estim\u00e9e":"5 minutes"},"schema":{"@context":"https:\/\/schema.org","@graph":[{"@type":"WebPage","@id":"https:\/\/blog.havaianas-store.com\/fr\/politique-cookies\/","url":"https:\/\/blog.havaianas-store.com\/fr\/politique-cookies\/","name":"Politique de cookies | Blog Havaianas","isPartOf":{"@id":"https:\/\/blog.havaianas-store.com\/#website"},"datePublished":"2022-05-27T10:28:31+00:00","dateModified":"2025-05-27T11:11:31+00:00","breadcrumb":{"@id":"https:\/\/blog.havaianas-store.com\/fr\/politique-cookies\/#breadcrumb"},"inLanguage":"fr-FR","potentialAction":[{"@type":"ReadAction","target":["https:\/\/blog.havaianas-store.com\/fr\/politique-cookies\/"]}]},{"@type":"BreadcrumbList","@id":"https:\/\/blog.havaianas-store.com\/fr\/politique-cookies\/#breadcrumb","itemListElement":[{"@type":"ListItem","position":1,"name":"Home","item":"https:\/\/blog.havaianas-store.com\/fr\/home\/"},{"@type":"ListItem","position":2,"name":"Politique de cookies"}]},{"@type":"WebSite","@id":"https:\/\/blog.havaianas-store.com\/#website","url":"https:\/\/blog.havaianas-store.com\/","name":"Blog Havaianas","description":"","publisher":{"@id":"https:\/\/blog.havaianas-store.com\/#organization"},"potentialAction":[{"@type":"SearchAction","target":{"@type":"EntryPoint","urlTemplate":"https:\/\/blog.havaianas-store.com\/?s={search_term_string}"},"query-input":{"@type":"PropertyValueSpecification","valueRequired":true,"valueName":"search_term_string"}}],"inLanguage":"fr-FR"},{"@type":"Organization","@id":"https:\/\/blog.havaianas-store.com\/#organization","name":"Blog Havaianas","url":"https:\/\/blog.havaianas-store.com\/","logo":{"@type":"ImageObject","inLanguage":"fr-FR","@id":"https:\/\/blog.havaianas-store.com\/#\/schema\/logo\/image\/","url":"https:\/\/blog.havaianas-store.com\/wp-content\/uploads\/2022\/05\/logo_2.png","contentUrl":"https:\/\/blog.havaianas-store.com\/wp-content\/uploads\/2022\/05\/logo_2.png","width":293,"height":138,"caption":"Blog Havaianas"},"image":{"@id":"https:\/\/blog.havaianas-store.com\/#\/schema\/logo\/image\/"}}]}},"_links":{"self":[{"href":"https:\/\/blog.havaianas-store.com\/fr\/wp-json\/wp\/v2\/pages\/2139","targetHints":{"allow":["GET"]}}],"collection":[{"href":"https:\/\/blog.havaianas-store.com\/fr\/wp-json\/wp\/v2\/pages"}],"about":[{"href":"https:\/\/blog.havaianas-store.com\/fr\/wp-json\/wp\/v2\/types\/page"}],"author":[{"embeddable":true,"href":"https:\/\/blog.havaianas-store.com\/fr\/wp-json\/wp\/v2\/users\/2"}],"replies":[{"embeddable":true,"href":"https:\/\/blog.havaianas-store.com\/fr\/wp-json\/wp\/v2\/comments?post=2139"}],"version-history":[{"count":30,"href":"https:\/\/blog.havaianas-store.com\/fr\/wp-json\/wp\/v2\/pages\/2139\/revisions"}],"predecessor-version":[{"id":9937,"href":"https:\/\/blog.havaianas-store.com\/fr\/wp-json\/wp\/v2\/pages\/2139\/revisions\/9937"}],"wp:attachment":[{"href":"https:\/\/blog.havaianas-store.com\/fr\/wp-json\/wp\/v2\/media?parent=2139"}],"curies":[{"name":"wp","href":"https:\/\/api.w.org\/{rel}","templated":true}]}}