{"id":2140,"date":"2022-04-06T07:02:17","date_gmt":"2022-04-06T07:02:17","guid":{"rendered":"https:\/\/blog.havaianas-store.com\/politica-privacidad\/"},"modified":"2025-05-27T11:10:34","modified_gmt":"2025-05-27T11:10:34","slug":"politique-confidentialite","status":"publish","type":"page","link":"https:\/\/blog.havaianas-store.com\/fr\/politique-confidentialite\/","title":{"rendered":"Politique de confidentialit\u00e9"},"content":{"rendered":"\t\t<div data-elementor-type=\"wp-page\" data-elementor-id=\"2140\" class=\"elementor elementor-2140 elementor-3\" data-elementor-post-type=\"page\">\n\t\t\t\t<div class=\"elementor-element elementor-element-a7ef2a2 e-flex e-con-boxed e-con e-parent\" data-id=\"a7ef2a2\" data-element_type=\"container\" data-settings=\"{&quot;background_background&quot;:&quot;classic&quot;}\">\n\t\t\t\t\t<div class=\"e-con-inner\">\n\t\t\t\t<div class=\"elementor-element elementor-element-b43031f elementor-widget elementor-widget-heading\" data-id=\"b43031f\" data-element_type=\"widget\" data-widget_type=\"heading.default\">\n\t\t\t\t<div class=\"elementor-widget-container\">\n\t\t\t\t\t<h1 class=\"elementor-heading-title elementor-size-default\">Politique de confidentialit\u00e9<\/h1>\t\t\t\t<\/div>\n\t\t\t\t<\/div>\n\t\t\t\t<div class=\"elementor-element elementor-element-665d7ce elementor-widget elementor-widget-text-editor\" data-id=\"665d7ce\" data-element_type=\"widget\" data-widget_type=\"text-editor.default\">\n\t\t\t\t<div class=\"elementor-widget-container\">\n\t\t\t\t\t\t\t\t\t<p>L&rsquo;objectif de cette politique de confidentialit\u00e9 est d&rsquo;informer les personnes concern\u00e9es sur la collecte et le traitement des donn\u00e9es personnelles fournies par les clients ou les utilisateurs via le site Web www.havaianas-store.com (ci-apr\u00e8s, le \u00ab Site Web \u00bb).<\/p><p>Le site Web appartient \u00e0 ALPARGATAS EUROPE S.L.U., dont le si\u00e8ge social est situ\u00e9 Avenida Arroyo del Santo, 4 bis, 28042 Madrid, avec le num\u00e9ro d&rsquo;identification fiscale espagnol B85358596, qui est responsable de la collecte et du traitement de vos donn\u00e9es personnelles (ci-apr\u00e8s, \u00ab ALPARGATAS \u00bb).<\/p><h2>1. FINALIT\u00c9 DU TRAITEMENT<\/h2><p>ALPARGATAS vous informe que les donn\u00e9es personnelles que vous nous fournissez \u00e0 la suite de i) la navigation sur le Site Web, ii) les demandes que vous effectuez par l&rsquo;un des moyens indiqu\u00e9s dans la section \u00ab Contactez-nous \u00bb du Site Web, ainsi que les demandes li\u00e9es \u00e0 la gestion de votre abonnement \u00e0 notre newsletter et\/ou l&rsquo;envoi de communications commerciales, et\/ou iii) la demande ou l&rsquo;achat de tout produit, ou toute transaction ou op\u00e9ration que vous effectuez via le Site Web, seront trait\u00e9es aux fins suivantes :   <\/p><p>G\u00e9rer toute situation dans le cadre pr\u00e9contractuel et\/ou contractuel afin de :<\/p><p>\u2013 Vous identifier et, le cas \u00e9ch\u00e9ant, assister et g\u00e9rer votre inscription.<\/p><p>\u2013 Vous contacter et r\u00e9pondre \u00e0 toutes vos questions. Dans ce cas, nous pouvons vous envoyer un e-mail pour compl\u00e9ter le processus d&rsquo;inscription. <\/p><p>\u2013 Effectuer toutes les actions et d\u00e9marches n\u00e9cessaires li\u00e9es \u00e0 votre achat.<\/p><p>\u2013 Effectuer toutes les d\u00e9marches n\u00e9cessaires si vous avez un quelconque type de relation pr\u00e9contractuelle ou contractuelle.<\/p><p>\u2013 Effectuer toutes les d\u00e9marches n\u00e9cessaires afin de b\u00e9n\u00e9ficier de nos promotions et r\u00e9ductions.<\/p><p>\u2013 Vous envoyer un email vous informant de l\u2019\u00e9tat de votre panier.<\/p><p>\u2013 Enregistrez notre conversation t\u00e9l\u00e9phonique pour clarifier les d\u00e9tails et \u00e0 des fins de formation interne et de contr\u00f4le de la qualit\u00e9 du service client. Lorsque vous souhaitez effectuer un paiement par t\u00e9l\u00e9phone, nous n&rsquo;enregistrons pas la partie de la conversation qui comprend votre num\u00e9ro de compte bancaire, votre code de s\u00e9curit\u00e9 ou les d\u00e9tails de votre carte de paiement. <\/p><p>\u2013 Demander vos informations bancaires dans des cas exceptionnels lorsque vous avez demand\u00e9 l\u2019annulation de votre commande et qu\u2019il n\u2019est plus possible de rembourser le montant correspondant en utilisant le m\u00eame moyen que celui que vous avez utilis\u00e9 lors de la passation de la commande.<\/p><p>R\u00e9aliser des analyses d&rsquo;utilisabilit\u00e9 et de qualit\u00e9 pour am\u00e9liorer nos services afin de :<\/p><p>\u2013 \u00c9laborer des profils statistiques.<\/p><p>\u2013 Pour conna\u00eetre votre opinion et r\u00e9aliser des enqu\u00eates sur nos produits, services et votre relation avec ALPARGATAS si vous nous avez donn\u00e9 votre consentement.<\/p><p>R\u00e9aliser des actions marketing, sous r\u00e9serve de votre consentement, pour :<\/p><p>\u2013 Vous envoyer des informations, par tout moyen, sur les produits, activit\u00e9s et promotions de la marque Havaianas.<\/p><p>\u2013 Vous envoyer des offres, des promotions et des promotions de produits de la marque Havaianas personnalis\u00e9es et am\u00e9lior\u00e9es via un profilage automatis\u00e9.<\/p><p>\u2013 Vous envoyer p\u00e9riodiquement notre newsletter.<\/p><p>\u2013 Gardez votre liste de souhaits de produits Havaianas active.<\/p><p>\u2013 Vous envoyer des notifications lorsqu\u2019un produit est en stock.<\/p><p>R\u00e9aliser des actions de Ressources Humaines, lorsque le traitement de vos donn\u00e9es personnelles est n\u00e9cessaire et soumis \u00e0 votre consentement explicite le cas \u00e9ch\u00e9ant, afin de :<\/p><p>\u2013 Transmettre vos donn\u00e9es \u00e0 notre service des Ressources Humaines pour traiter votre candidature soumise via le Site Internet.<\/p><p>\u2013 Effectuez toutes les d\u00e9marches n\u00e9cessaires afin de b\u00e9n\u00e9ficier des privil\u00e8ges de notre programme de fid\u00e9lit\u00e9, si vous en faites la demande.<\/p><h2>2. BASE JURIDIQUE DU TRAITEMENT DES DONN\u00c9ES PERSONNELLES<\/h2><p>La base juridique sur laquelle nous traitons vos donn\u00e9es personnelles est la suivante :<\/p><p>\u2013 L\u2019ex\u00e9cution du contrat que vous acceptez lors de votre inscription et de votre achat.<\/p><p>\u2013 Consentement librement accord\u00e9, afin de g\u00e9rer vos demandes et\/ou candidatures, y compris les questions, requ\u00eates et\/ou r\u00e9clamations, de g\u00e9rer l\u2019inscription et l\u2019annulation, d\u2019envoyer des communications commerciales sur les produits et services, et de vous permettre de profiter de nos services ou fonctionnalit\u00e9s. Bien que vous puissiez retirer votre consentement \u00e0 tout moment, nous ne pourrons pas r\u00e9pondre \u00e0 vos demandes sans celui-ci. Cela n\u2019affectera pas la l\u00e9galit\u00e9 de tout traitement effectu\u00e9 pr\u00e9c\u00e9demment.  <\/p><p>\u2013 Int\u00e9r\u00eat l\u00e9gitime pour r\u00e9aliser des enqu\u00eates de satisfaction et surveiller l\u2019utilisation des utilisateurs des syst\u00e8mes informatiques par lesquels les services sont offerts.<\/p><h2>3. CONSERVATION DES DONN\u00c9ES<\/h2><p>Les donn\u00e9es fournies seront conserv\u00e9es pendant la dur\u00e9e n\u00e9cessaire pour assurer le respect des obligations l\u00e9gales d&rsquo;ALPARGATAS, notamment :<\/p><p>\u2013 Pour les activit\u00e9s de traitement bas\u00e9es sur le consentement de l\u2019utilisateur, les donn\u00e9es personnelles seront conserv\u00e9es jusqu\u2019\u00e0 ce que l\u2019utilisateur retire le consentement accord\u00e9.<\/p><p>\u2013 Pour les activit\u00e9s bas\u00e9es sur l\u2019int\u00e9r\u00eat l\u00e9gitime d\u2019ALPARGATAS, les donn\u00e9es personnelles seront conserv\u00e9es jusqu\u2019\u00e0 ce que l\u2019utilisateur s\u2019oppose \u00e0 l\u2019activit\u00e9 de traitement.<\/p><p>\u2013 Pour le traitement bas\u00e9 sur la relation contractuelle \u00e9tablie avec l\u2019achat de nos produits, les donn\u00e9es personnelles seront conserv\u00e9es pendant la dur\u00e9e des obligations ou responsabilit\u00e9s d\u00e9coulant de cette fourniture.<\/p><p>Dans tous les cas, une fois que vous retirez votre consentement ou que vous vous opposez \u00e0 l&rsquo;activit\u00e9 de traitement, les donn\u00e9es seront bloqu\u00e9es le cas \u00e9ch\u00e9ant et conserv\u00e9es jusqu&rsquo;\u00e0 l&rsquo;expiration des d\u00e9lais l\u00e9gaux de blocage li\u00e9s aux responsabilit\u00e9s auxquelles ALPARGATAS est soumise.<\/p><p>Pour d\u00e9terminer la p\u00e9riode de conservation appropri\u00e9e pour vos donn\u00e9es personnelles, ALPARGATAS prendra en compte la quantit\u00e9, la nature et la sensibilit\u00e9 des donn\u00e9es personnelles, le risque potentiel de pr\u00e9judice r\u00e9sultant de l&rsquo;utilisation ou de la divulgation non autoris\u00e9e de vos donn\u00e9es personnelles, les finalit\u00e9s pour lesquelles nous traitons vos donn\u00e9es personnelles et si ALPARGATAS peut atteindre ces objectifs par d&rsquo;autres moyens, en plus des exigences l\u00e9gales, r\u00e9glementaires, fiscales, comptables ou autres applicables.<\/p><h2>4. DIVULGATION ET ACC\u00c8S \u00c0 VOS DONN\u00c9ES<\/h2><p>Nous vous informons que vos donn\u00e9es personnelles pourront \u00eatre partag\u00e9es avec d&rsquo;autres soci\u00e9t\u00e9s du Groupe ALPARGATAS, ainsi qu&rsquo;avec nos filiales et franchis\u00e9s situ\u00e9s dans l&rsquo;Espace Economique Europ\u00e9en, dans le but de fournir des services li\u00e9s \u00e0 votre achat et \u00e0 la livraison des produits.<\/p><p>\u00c0 cet \u00e9gard, ALPARGATAS a adopt\u00e9 toutes les mesures l\u00e9gales n\u00e9cessaires pour garantir que les transferts de donn\u00e9es vers ces pays soient s\u00e9curis\u00e9s et conformes \u00e0 la r\u00e9glementation applicable.<\/p><p>En outre, les prestataires de services ou fournisseurs avec lesquels nous avons conclu des accords respectifs peuvent acc\u00e9der \u00e0 vos donn\u00e9es lorsqu&rsquo;ils ont besoin d&rsquo;acc\u00e9der \u00e0 ces donn\u00e9es pour pr\u00e9server la relation d&rsquo;ALPARGATAS avec ses clients. Dans tous les cas, les mesures juridiques et organisationnelles n\u00e9cessaires seront prises pour garantir la s\u00e9curit\u00e9 et l&rsquo;acc\u00e8s aux donn\u00e9es. <\/p><h2>5. S\u00c9CURIT\u00c9 DANS LE TRAITEMENT DE VOS DONN\u00c9ES<\/h2><p>ALPARGATAS a mis en \u0153uvre les mesures de s\u00e9curit\u00e9 techniques et organisationnelles n\u00e9cessaires pour garantir la s\u00e9curit\u00e9 de vos donn\u00e9es personnelles et emp\u00eacher leur alt\u00e9ration, perte et traitement et\/ou acc\u00e8s non autoris\u00e9, en tenant compte de l&rsquo;\u00e9tat de la technologie, de la nature des donn\u00e9es stock\u00e9es et des risques auxquels elles sont expos\u00e9es, que ce soit en raison de l&rsquo;action humaine ou de l&rsquo;environnement physique et naturel.<\/p><p>Tous les traitements li\u00e9s aux services de ce site Web sont effectu\u00e9s uniquement par le personnel d\u00e9sign\u00e9 pour le traitement des donn\u00e9es ou par le personnel impliqu\u00e9 dans les op\u00e9rations de maintenance.<\/p><h2>6. MISE \u00c0 JOUR DES DONN\u00c9ES<\/h2><p>Vous devez informer ALPARGATAS de toute modification des informations que vous avez fournies et, dans tous les cas, vous serez responsable \u00e0 tout moment de la v\u00e9racit\u00e9 et de l&rsquo;exactitude de ces informations.<\/p><h2>7. QUELS SONT LES DROITS DES PARTIES INT\u00c9RESS\u00c9ES ?<\/h2><p>Conform\u00e9ment \u00e0 la r\u00e9glementation sur la protection des donn\u00e9es, vous avez le droit de :<\/p><p>\u2013 Droit d\u2019acc\u00e8s. Vous avez le droit d&rsquo;obtenir la confirmation que des donn\u00e9es personnelles sont ou non trait\u00e9es et, le cas \u00e9ch\u00e9ant, l&rsquo;acc\u00e8s \u00e0 ces donn\u00e9es et des informations concernant les finalit\u00e9s du traitement, les cat\u00e9gories de donn\u00e9es personnelles concern\u00e9es, les destinataires auxquels les donn\u00e9es personnelles seront communiqu\u00e9es et la p\u00e9riode envisag\u00e9e pour laquelle les donn\u00e9es personnelles seront conserv\u00e9es, entre autres informations. <\/p><p>\u2013 Droit de rectification des donn\u00e9es personnelles inexactes. Vous avez le droit d\u2019obtenir la rectification des donn\u00e9es personnelles inexactes vous concernant. <\/p><p>\u2013 Droit \u00e0 la portabilit\u00e9 des donn\u00e9es. Vous avez le droit de recevoir vos donn\u00e9es personnelles dans un format structur\u00e9, couramment utilis\u00e9 et lisible par machine, et de partager ces donn\u00e9es avec un autre responsable du traitement sans entrave, dans les cas pr\u00e9vus par la loi. <\/p><p>\u2013 Retirer son consentement. Vous pouvez retirer votre consentement \u00e0 tout moment, sans pr\u00e9judice de la lic\u00e9it\u00e9 de tout traitement pr\u00e9c\u00e9demment effectu\u00e9. <\/p><p>\u2013 Droit de s\u2019opposer aux activit\u00e9s de traitement fond\u00e9es sur des int\u00e9r\u00eats l\u00e9gitimes.<\/p><p>\u2013 Le droit de supprimer vos donn\u00e9es personnelles lorsqu\u2019elles ne sont plus n\u00e9cessaires aux finalit\u00e9s pour lesquelles elles ont \u00e9t\u00e9 collect\u00e9es.<\/p><p>\u2013 Le droit d\u2019obtenir la limitation du traitement des donn\u00e9es personnelles, qui seront ult\u00e9rieurement trait\u00e9es uniquement pour la constatation, l\u2019exercice ou la d\u00e9fense de droits en justice.<\/p><p>Les droits susmentionn\u00e9s peuvent \u00eatre exerc\u00e9s en envoyant une communication \u00e9crite \u00e0 l&rsquo;adresse \u00e9lectronique suivante : dataprotection@alpargatas.com.<\/p><p>Nous vous informons qu&rsquo;ALPARGATAS traitera le droit exerc\u00e9 dans un d\u00e9lai d&rsquo;un mois \u00e0 compter de la date de r\u00e9ception de la demande. Ce d\u00e9lai peut \u00eatre prolong\u00e9 jusqu&rsquo;\u00e0 deux mois, en fonction de la complexit\u00e9 et du nombre de demandes, auquel cas l&rsquo;int\u00e9ress\u00e9 en sera inform\u00e9. <\/p><p>En outre, vous pouvez d\u00e9poser une plainte concernant le traitement de vos donn\u00e9es personnelles aupr\u00e8s de l&rsquo;autorit\u00e9 de contr\u00f4le comp\u00e9tente si vous estimez que vos droits en vertu de la loi applicable ont \u00e9t\u00e9 viol\u00e9s.<\/p><h2>8. TRANSFERTS INTERNATIONAUX DE DONN\u00c9ES<\/h2><p>Nous vous informons que, bien qu&rsquo;aucun transfert international ne soit pr\u00e9vu, la fourniture de services par ALPARGATAS \u00e0 ses clients peut \u00eatre associ\u00e9e \u00e0 des transferts internationaux implicites de donn\u00e9es. Si tel est le cas, ces transferts seront r\u00e9glement\u00e9s conform\u00e9ment aux dispositions de la l\u00e9gislation en vigueur en mati\u00e8re de protection des donn\u00e9es, comme indiqu\u00e9 par lesdits tiers. <\/p><h2>9. DONN\u00c9ES PERSONNELLES DE TIERS<\/h2><p>Si vous incluez des donn\u00e9es personnelles relatives \u00e0 une autre personne, vous devez, avant d&rsquo;inclure ou de communiquer ces donn\u00e9es, informer ces personnes du contenu de la pr\u00e9sente Politique de Confidentialit\u00e9. Dans tous les cas, vous garantissez avoir obtenu le consentement pr\u00e9alable de ces tiers pour communiquer vos donn\u00e9es personnelles \u00e0 ALPARGATAS. <\/p><h2>10. MODIFICATION DE LA POLITIQUE DE CONFIDENTIALIT\u00c9<\/h2><p>ALPARGATAS se r\u00e9serve le droit de modifier et\/ou de mettre \u00e0 jour cette politique de confidentialit\u00e9 \u00e0 tout moment pour l&rsquo;adapter \u00e0 la l\u00e9gislation applicable. Dans tous les cas, la nouvelle politique sera publi\u00e9e sur ce site Web et restera \u00e0 la disposition des utilisateurs et des visiteurs \u00e0 tout moment. Nous vous recommandons de consulter r\u00e9guli\u00e8rement le site Web pour vous assurer d\u2019\u00eatre au courant de tout changement.  <\/p>\t\t\t\t\t\t\t\t<\/div>\n\t\t\t\t<\/div>\n\t\t\t\t\t<\/div>\n\t\t\t\t<\/div>\n\t\t\t\t<\/div>\n\t\t","protected":false},"excerpt":{"rendered":"<p>Politique de confidentialit\u00e9 L&rsquo;objectif de cette politique de confidentialit\u00e9 est d&rsquo;informer les personnes concern\u00e9es sur la collecte et le traitement des donn\u00e9es personnelles fournies par les clients ou les utilisateurs via le site Web www.havaianas-store.com (ci-apr\u00e8s, le \u00ab Site Web \u00bb). Le site Web appartient \u00e0 ALPARGATAS EUROPE S.L.U., dont le si\u00e8ge social est situ\u00e9 [&hellip;]<\/p>\n","protected":false},"author":1,"featured_media":0,"parent":0,"menu_order":0,"comment_status":"closed","ping_status":"closed","template":"elementor_header_footer","meta":{"footnotes":""},"class_list":["post-2140","page","type-page","status-publish","hentry"],"yoast_head":"<!-- This site is optimized with the Yoast SEO plugin v25.1 - https:\/\/yoast.com\/wordpress\/plugins\/seo\/ -->\n<title>Politique de confidentialit\u00e9 | Blog Havaianas<\/title>\n<meta name=\"robots\" content=\"index, follow, max-snippet:-1, max-image-preview:large, max-video-preview:-1\" \/>\n<link rel=\"canonical\" href=\"https:\/\/blog.havaianas-store.com\/fr\/politique-confidentialite\/\" \/>\n<meta property=\"og:locale\" content=\"fr_FR\" \/>\n<meta property=\"og:type\" content=\"article\" \/>\n<meta property=\"og:title\" content=\"Politique de confidentialit\u00e9 | Blog Havaianas\" \/>\n<meta property=\"og:description\" content=\"Politique de confidentialit\u00e9 L&rsquo;objectif de cette politique de confidentialit\u00e9 est d&rsquo;informer les personnes concern\u00e9es sur la collecte et le traitement des donn\u00e9es personnelles fournies par les clients ou les utilisateurs via le site Web www.havaianas-store.com (ci-apr\u00e8s, le \u00ab Site Web \u00bb). Le site Web appartient \u00e0 ALPARGATAS EUROPE S.L.U., dont le si\u00e8ge social est situ\u00e9 [&hellip;]\" \/>\n<meta property=\"og:url\" content=\"https:\/\/blog.havaianas-store.com\/fr\/politique-confidentialite\/\" \/>\n<meta property=\"og:site_name\" content=\"Blog Havaianas\" \/>\n<meta property=\"article:modified_time\" content=\"2025-05-27T11:10:34+00:00\" \/>\n<meta name=\"twitter:card\" content=\"summary_large_image\" \/>\n<meta name=\"twitter:label1\" content=\"Dur\u00e9e de lecture estim\u00e9e\" \/>\n\t<meta name=\"twitter:data1\" content=\"8 minutes\" \/>\n<script type=\"application\/ld+json\" class=\"yoast-schema-graph\">{\"@context\":\"https:\/\/schema.org\",\"@graph\":[{\"@type\":\"WebPage\",\"@id\":\"https:\/\/blog.havaianas-store.com\/fr\/politique-confidentialite\/\",\"url\":\"https:\/\/blog.havaianas-store.com\/fr\/politique-confidentialite\/\",\"name\":\"Politique de confidentialit\u00e9 | Blog Havaianas\",\"isPartOf\":{\"@id\":\"https:\/\/blog.havaianas-store.com\/#website\"},\"datePublished\":\"2022-04-06T07:02:17+00:00\",\"dateModified\":\"2025-05-27T11:10:34+00:00\",\"breadcrumb\":{\"@id\":\"https:\/\/blog.havaianas-store.com\/fr\/politique-confidentialite\/#breadcrumb\"},\"inLanguage\":\"fr-FR\",\"potentialAction\":[{\"@type\":\"ReadAction\",\"target\":[\"https:\/\/blog.havaianas-store.com\/fr\/politique-confidentialite\/\"]}]},{\"@type\":\"BreadcrumbList\",\"@id\":\"https:\/\/blog.havaianas-store.com\/fr\/politique-confidentialite\/#breadcrumb\",\"itemListElement\":[{\"@type\":\"ListItem\",\"position\":1,\"name\":\"Home\",\"item\":\"https:\/\/blog.havaianas-store.com\/fr\/home\/\"},{\"@type\":\"ListItem\",\"position\":2,\"name\":\"Politique de confidentialit\u00e9\"}]},{\"@type\":\"WebSite\",\"@id\":\"https:\/\/blog.havaianas-store.com\/#website\",\"url\":\"https:\/\/blog.havaianas-store.com\/\",\"name\":\"Blog Havaianas\",\"description\":\"\",\"publisher\":{\"@id\":\"https:\/\/blog.havaianas-store.com\/#organization\"},\"potentialAction\":[{\"@type\":\"SearchAction\",\"target\":{\"@type\":\"EntryPoint\",\"urlTemplate\":\"https:\/\/blog.havaianas-store.com\/?s={search_term_string}\"},\"query-input\":{\"@type\":\"PropertyValueSpecification\",\"valueRequired\":true,\"valueName\":\"search_term_string\"}}],\"inLanguage\":\"fr-FR\"},{\"@type\":\"Organization\",\"@id\":\"https:\/\/blog.havaianas-store.com\/#organization\",\"name\":\"Blog Havaianas\",\"url\":\"https:\/\/blog.havaianas-store.com\/\",\"logo\":{\"@type\":\"ImageObject\",\"inLanguage\":\"fr-FR\",\"@id\":\"https:\/\/blog.havaianas-store.com\/#\/schema\/logo\/image\/\",\"url\":\"https:\/\/blog.havaianas-store.com\/wp-content\/uploads\/2022\/05\/logo_2.png\",\"contentUrl\":\"https:\/\/blog.havaianas-store.com\/wp-content\/uploads\/2022\/05\/logo_2.png\",\"width\":293,\"height\":138,\"caption\":\"Blog Havaianas\"},\"image\":{\"@id\":\"https:\/\/blog.havaianas-store.com\/#\/schema\/logo\/image\/\"}}]}<\/script>\n<!-- \/ Yoast SEO plugin. -->","yoast_head_json":{"title":"Politique de confidentialit\u00e9 | Blog Havaianas","robots":{"index":"index","follow":"follow","max-snippet":"max-snippet:-1","max-image-preview":"max-image-preview:large","max-video-preview":"max-video-preview:-1"},"canonical":"https:\/\/blog.havaianas-store.com\/fr\/politique-confidentialite\/","og_locale":"fr_FR","og_type":"article","og_title":"Politique de confidentialit\u00e9 | Blog Havaianas","og_description":"Politique de confidentialit\u00e9 L&rsquo;objectif de cette politique de confidentialit\u00e9 est d&rsquo;informer les personnes concern\u00e9es sur la collecte et le traitement des donn\u00e9es personnelles fournies par les clients ou les utilisateurs via le site Web www.havaianas-store.com (ci-apr\u00e8s, le \u00ab Site Web \u00bb). Le site Web appartient \u00e0 ALPARGATAS EUROPE S.L.U., dont le si\u00e8ge social est situ\u00e9 [&hellip;]","og_url":"https:\/\/blog.havaianas-store.com\/fr\/politique-confidentialite\/","og_site_name":"Blog Havaianas","article_modified_time":"2025-05-27T11:10:34+00:00","twitter_card":"summary_large_image","twitter_misc":{"Dur\u00e9e de lecture estim\u00e9e":"8 minutes"},"schema":{"@context":"https:\/\/schema.org","@graph":[{"@type":"WebPage","@id":"https:\/\/blog.havaianas-store.com\/fr\/politique-confidentialite\/","url":"https:\/\/blog.havaianas-store.com\/fr\/politique-confidentialite\/","name":"Politique de confidentialit\u00e9 | Blog Havaianas","isPartOf":{"@id":"https:\/\/blog.havaianas-store.com\/#website"},"datePublished":"2022-04-06T07:02:17+00:00","dateModified":"2025-05-27T11:10:34+00:00","breadcrumb":{"@id":"https:\/\/blog.havaianas-store.com\/fr\/politique-confidentialite\/#breadcrumb"},"inLanguage":"fr-FR","potentialAction":[{"@type":"ReadAction","target":["https:\/\/blog.havaianas-store.com\/fr\/politique-confidentialite\/"]}]},{"@type":"BreadcrumbList","@id":"https:\/\/blog.havaianas-store.com\/fr\/politique-confidentialite\/#breadcrumb","itemListElement":[{"@type":"ListItem","position":1,"name":"Home","item":"https:\/\/blog.havaianas-store.com\/fr\/home\/"},{"@type":"ListItem","position":2,"name":"Politique de confidentialit\u00e9"}]},{"@type":"WebSite","@id":"https:\/\/blog.havaianas-store.com\/#website","url":"https:\/\/blog.havaianas-store.com\/","name":"Blog Havaianas","description":"","publisher":{"@id":"https:\/\/blog.havaianas-store.com\/#organization"},"potentialAction":[{"@type":"SearchAction","target":{"@type":"EntryPoint","urlTemplate":"https:\/\/blog.havaianas-store.com\/?s={search_term_string}"},"query-input":{"@type":"PropertyValueSpecification","valueRequired":true,"valueName":"search_term_string"}}],"inLanguage":"fr-FR"},{"@type":"Organization","@id":"https:\/\/blog.havaianas-store.com\/#organization","name":"Blog Havaianas","url":"https:\/\/blog.havaianas-store.com\/","logo":{"@type":"ImageObject","inLanguage":"fr-FR","@id":"https:\/\/blog.havaianas-store.com\/#\/schema\/logo\/image\/","url":"https:\/\/blog.havaianas-store.com\/wp-content\/uploads\/2022\/05\/logo_2.png","contentUrl":"https:\/\/blog.havaianas-store.com\/wp-content\/uploads\/2022\/05\/logo_2.png","width":293,"height":138,"caption":"Blog Havaianas"},"image":{"@id":"https:\/\/blog.havaianas-store.com\/#\/schema\/logo\/image\/"}}]}},"_links":{"self":[{"href":"https:\/\/blog.havaianas-store.com\/fr\/wp-json\/wp\/v2\/pages\/2140","targetHints":{"allow":["GET"]}}],"collection":[{"href":"https:\/\/blog.havaianas-store.com\/fr\/wp-json\/wp\/v2\/pages"}],"about":[{"href":"https:\/\/blog.havaianas-store.com\/fr\/wp-json\/wp\/v2\/types\/page"}],"author":[{"embeddable":true,"href":"https:\/\/blog.havaianas-store.com\/fr\/wp-json\/wp\/v2\/users\/1"}],"replies":[{"embeddable":true,"href":"https:\/\/blog.havaianas-store.com\/fr\/wp-json\/wp\/v2\/comments?post=2140"}],"version-history":[{"count":21,"href":"https:\/\/blog.havaianas-store.com\/fr\/wp-json\/wp\/v2\/pages\/2140\/revisions"}],"predecessor-version":[{"id":9820,"href":"https:\/\/blog.havaianas-store.com\/fr\/wp-json\/wp\/v2\/pages\/2140\/revisions\/9820"}],"wp:attachment":[{"href":"https:\/\/blog.havaianas-store.com\/fr\/wp-json\/wp\/v2\/media?parent=2140"}],"curies":[{"name":"wp","href":"https:\/\/api.w.org\/{rel}","templated":true}]}}