{"id":2458,"date":"2022-04-06T07:02:17","date_gmt":"2022-04-06T07:02:17","guid":{"rendered":"https:\/\/blog.havaianas-store.com\/politica-privacidad\/"},"modified":"2025-05-27T11:19:22","modified_gmt":"2025-05-27T11:19:22","slug":"politica-privacy","status":"publish","type":"page","link":"https:\/\/blog.havaianas-store.com\/it\/politica-privacy\/","title":{"rendered":"Informativa sulla privacy"},"content":{"rendered":"\t\t<div data-elementor-type=\"wp-page\" data-elementor-id=\"2458\" class=\"elementor elementor-2458 elementor-3\" data-elementor-post-type=\"page\">\n\t\t\t\t<div class=\"elementor-element elementor-element-a7ef2a2 e-flex e-con-boxed e-con e-parent\" data-id=\"a7ef2a2\" data-element_type=\"container\" data-settings=\"{&quot;background_background&quot;:&quot;classic&quot;}\">\n\t\t\t\t\t<div class=\"e-con-inner\">\n\t\t\t\t<div class=\"elementor-element elementor-element-b43031f elementor-widget elementor-widget-heading\" data-id=\"b43031f\" data-element_type=\"widget\" data-widget_type=\"heading.default\">\n\t\t\t\t<div class=\"elementor-widget-container\">\n\t\t\t\t\t<h1 class=\"elementor-heading-title elementor-size-default\">Informativa sulla privacy<\/h1>\t\t\t\t<\/div>\n\t\t\t\t<\/div>\n\t\t\t\t<div class=\"elementor-element elementor-element-665d7ce elementor-widget elementor-widget-text-editor\" data-id=\"665d7ce\" data-element_type=\"widget\" data-widget_type=\"text-editor.default\">\n\t\t\t\t<div class=\"elementor-widget-container\">\n\t\t\t\t\t\t\t\t\t<p>La presente Informativa sulla privacy ha lo scopo di informare gli interessati sulla raccolta e il trattamento dei dati personali forniti dai clienti o utenti tramite il sito web www.havaianas-store.com (di seguito, il &#8220;Sito web&#8221;).<\/p><p>Il Sito Web \u00e8 di propriet\u00e0 di ALPARGATAS EUROPE S.L.U., con sede legale in Avenida Arroyo del Santo, 4 bis, 28042 Madrid, con partita IVA spagnola B85358596, responsabile della raccolta e del trattamento dei tuoi dati personali (di seguito, &#8220;ALPARGATAS&#8221;).<\/p><h2>1. FINALIT\u00c0 DEL TRATTAMENTO<\/h2><p>ALPARGATAS ti informa che i dati personali da te forniti a seguito di i) navigazione sul Sito Web, ii) consultazioni effettuate tramite uno qualsiasi dei mezzi indicati nella sezione &#8220;Contattaci&#8221; del Sito Web, nonch\u00e9 consultazioni relative alla gestione della tua iscrizione alla nostra newsletter e\/o all&#8217;invio di comunicazioni commerciali, e\/o iii) richiesta o acquisto di qualsiasi prodotto, o qualsiasi transazione o operazione da te effettuata tramite il Sito Web, saranno trattati per le seguenti finalit\u00e0:   <\/p><p>Gestire qualsiasi situazione nell\u2019ambito precontrattuale e\/o contrattuale al fine di:<\/p><p>\u2013 Identificarti e, ove opportuno, assisterti e gestire la tua registrazione.<\/p><p>\u2013 Contattarti e rispondere a tutte le tue domande. In questo caso potremmo inviarti un&#8217;e-mail per completare la procedura di registrazione. <\/p><p>\u2013 Eseguire tutte le azioni e le procedure necessarie relative al tuo acquisto.<\/p><p>\u2013 Eseguire tutte le procedure necessarie se si ha qualsiasi tipo di rapporto precontrattuale o contrattuale.<\/p><p>\u2013 Esegui tutte le procedure necessarie per poter usufruire delle nostre promozioni e sconti.<\/p><p>\u2013 Inviarti un\u2019e-mail per informarti sullo stato del tuo carrello.<\/p><p>\u2013 Registrare la nostra conversazione telefonica per chiarire i dettagli e per scopi di formazione interna e di controllo della qualit\u00e0 del servizio clienti. Quando desideri effettuare un pagamento telefonico, non registriamo la parte della conversazione che include il numero del tuo conto bancario, il codice di sicurezza o i dati della tua carta di pagamento. <\/p><p>\u2013 Richiedere le tue informazioni bancarie in casi eccezionali in cui hai richiesto l\u2019annullamento del tuo ordine e non \u00e8 pi\u00f9 possibile rimborsarti l\u2019importo corrispondente con lo stesso mezzo utilizzato per effettuare l\u2019ordine.<\/p><p>Condurre analisi di usabilit\u00e0 e qualit\u00e0 per migliorare i nostri servizi al fine di:<\/p><p>\u2013 Sviluppare profili statistici.<\/p><p>\u2013 Per conoscere la tua opinione e condurre sondaggi sui nostri prodotti, servizi e sul tuo rapporto con ALPARGATAS, se ci hai fornito il tuo consenso.<\/p><p>Effettuare azioni di marketing, previo tuo consenso, per:<\/p><p>\u2013 Inviarti informazioni, con qualsiasi mezzo, sui prodotti, le attivit\u00e0 e le promozioni del marchio Havaianas.<\/p><p>\u2013 Inviarti offerte, promozioni e promozioni personalizzate e migliorate sui prodotti del marchio Havaianas tramite profilazione automatizzata.<\/p><p>\u2013 Inviarti periodicamente la nostra newsletter.<\/p><p>\u2013 Mantieni attiva la tua lista dei desideri per i prodotti Havaianas.<\/p><p>\u2013 Inviarti notifiche quando un prodotto \u00e8 disponibile.<\/p><p>Svolgere azioni di Risorse Umane, quando il trattamento dei tuoi dati personali \u00e8 necessario e soggetto al tuo esplicito consenso ove opportuno, al fine di:<\/p><p>\u2013 Inoltrare i tuoi dati al nostro ufficio Risorse Umane per elaborare la tua candidatura presentata tramite il Sito Web.<\/p><p>\u2013 Completa tutte le procedure necessarie per poter beneficiare dei privilegi del nostro programma fedelt\u00e0, se lo richiedi.<\/p><h2>2. BASE GIURIDICA DEL TRATTAMENTO DEI DATI PERSONALI<\/h2><p>La base giuridica su cui trattiamo i tuoi dati personali \u00e8 la seguente:<\/p><p>\u2013 L\u2019esecuzione del contratto che accetti quando ti registri ed effettui un acquisto.<\/p><p>\u2013 Consenso liberamente concesso, al fine di gestire le tue richieste e\/o domande, comprese domande, quesiti e\/o reclami, gestire la registrazione e la cancellazione, inviare comunicazioni commerciali su prodotti e servizi e consentirti di usufruire dei nostri servizi o funzionalit\u00e0. Sebbene tu possa revocare il tuo consenso in qualsiasi momento, non saremo in grado di rispondere alle tue richieste senza di esso. Ci\u00f2 non pregiudicher\u00e0 la liceit\u00e0 del trattamento effettuato in precedenza.  <\/p><p>\u2013 Legittimo interesse a condurre indagini di soddisfazione e monitorare l\u2019utilizzo da parte degli utenti dei sistemi informatici attraverso i quali vengono offerti i servizi.<\/p><h2>3. CONSERVAZIONE DEI DATI<\/h2><p>I dati forniti saranno conservati per il tempo necessario a garantire l&#8217;adempimento degli obblighi di legge di ALPARGATAS, tra cui:<\/p><p>\u2013 Per le attivit\u00e0 di trattamento basate sul consenso dell\u2019utente, i dati personali saranno conservati fino a quando l\u2019utente non revocher\u00e0 il consenso prestato.<\/p><p>\u2013 Per le attivit\u00e0 basate sul legittimo interesse di ALPARGATAS, i dati personali saranno conservati finch\u00e9 l\u2019utente non si opporr\u00e0 all\u2019attivit\u00e0 di trattamento.<\/p><p>\u2013 Per i trattamenti basati sul rapporto contrattuale instaurato con l\u2019acquisto dei nostri prodotti, i dati personali saranno conservati per tutta la durata degli obblighi o delle responsabilit\u00e0 derivanti da tale fornitura.<\/p><p>In ogni caso, una volta revocato il consenso o contestato il trattamento, i dati verranno bloccati a seconda dei casi e conservati fino alla scadenza dei termini di blocco previsti dalla legge in relazione alle responsabilit\u00e0 a cui \u00e8 soggetta ALPARGATAS.<\/p><p>Per determinare il periodo di conservazione appropriato per i tuoi dati personali, ALPARGATAS prender\u00e0 in considerazione la quantit\u00e0, la natura e la sensibilit\u00e0 dei dati personali, il potenziale rischio di danno derivante dall&#8217;uso o dalla divulgazione non autorizzati dei tuoi dati personali, le finalit\u00e0 per le quali trattiamo i tuoi dati personali e se ALPARGATAS pu\u00f2 raggiungere tali finalit\u00e0 attraverso altri mezzi, oltre ai requisiti legali, normativi, fiscali, contabili o di altro tipo applicabili.<\/p><h2>4. DIVULGAZIONE E ACCESSO AI TUOI DATI<\/h2><p>Ti informiamo che i tuoi dati personali potranno essere condivisi con altre societ\u00e0 del Gruppo ALPARGATAS, nonch\u00e9 con le nostre filiali e affiliati situati all&#8217;interno dello Spazio Economico Europeo, allo scopo di fornirti servizi correlati al tuo acquisto e alla consegna dei prodotti.<\/p><p>A tal proposito, ALPARGATAS ha adottato tutte le misure legali necessarie per garantire che i trasferimenti di dati verso tali Paesi siano sicuri e conformi alle normative applicabili.<\/p><p>Inoltre, i fornitori di servizi o i fornitori con cui abbiamo stipulato rispettivi accordi potrebbero accedere ai tuoi dati quando ne hanno bisogno per preservare il rapporto di ALPARGATAS con i suoi clienti. In ogni caso, saranno adottate le misure legali e organizzative necessarie per garantire la sicurezza e l\u2019accesso ai dati. <\/p><h2>5. SICUREZZA NEL TRATTAMENTO DEI TUOI DATI<\/h2><p>ALPARGATAS ha implementado las medidas de seguridad t\u00e9cnicas y organizativas necesarias para garantizar la seguridad de tus datos personales y evitar su alteraci\u00f3n, p\u00e9rdida y tratamiento y\/o acceso no autorizados, habida cuenta del estado de la tecnolog\u00eda, la naturaleza de los datos almacenados y los riesgos a los que est\u00e1n expuestos, ya sea por acci\u00f3n humana o el medio f\u00edsico y natural.<\/p><p>Tutti i trattamenti connessi ai servizi di questo Sito Web sono curati solo dal personale incaricato del trattamento, oppure da eventuali incaricati di operazioni di manutenzione.<\/p><h2>6. AGGIORNAMENTO DEI DATI<\/h2><p>L&#8217;utente \u00e8 tenuto a comunicare ad ALPARGATAS qualsiasi modifica alle informazioni fornite e, in ogni caso, sar\u00e0 in ogni momento responsabile della veridicit\u00e0 e dell&#8217;accuratezza di tali informazioni.<\/p><h2>7. QUALI SONO I DIRITTI DEGLI INTERESSATI?<\/h2><p>In conformit\u00e0 con la normativa sulla protezione dei dati, hai il diritto di:<\/p><p>\u2013 Diritto di accesso. Lei ha il diritto di ottenere conferma che sia o meno in corso un trattamento di dati personali e, in tal caso, di accedere a tali dati e alle informazioni riguardanti le finalit\u00e0 del trattamento, le categorie di dati personali in questione, i destinatari a cui i dati personali saranno comunicati e il periodo di conservazione previsto, tra le altre informazioni. <\/p><p>\u2013 Diritto di rettifica dei dati personali inesatti. Hai il diritto di ottenere la rettifica dei dati personali inesatti che ti riguardano. <\/p><p>\u2013 Diritto alla portabilit\u00e0 dei dati. Hai il diritto di ricevere in un formato strutturato, di uso comune e leggibile da dispositivo automatico i dati personali che ti riguardano e di trasmetterli a un altro titolare del trattamento senza impedimenti, nei casi previsti dalla legge. <\/p><p>\u2013 Revoca del consenso. Lei potr\u00e0 revocare il consenso in qualsiasi momento, senza pregiudicare la liceit\u00e0 del trattamento effettuato prima della revoca. <\/p><p>\u2013 Diritto di opporsi alle attivit\u00e0 di trattamento basate su interessi legittimi.<\/p><p>\u2013 Il diritto di cancellare i tuoi dati personali quando non sono pi\u00f9 necessari per le finalit\u00e0 per le quali sono stati raccolti.<\/p><p>\u2013 Il diritto di ottenere la limitazione del trattamento dei dati personali, che saranno successivamente trattati solo per l\u2019accertamento, l\u2019esercizio o la difesa di un diritto in sede giudiziaria.<\/p><p>I diritti sopra menzionati potranno essere esercitati inviando una comunicazione scritta al seguente indirizzo email: dataprotection@alpargatas.com.<\/p><p>La informiamo che ALPARGATAS risponder\u00e0 al diritto esercitato entro un mese dalla data di ricezione della richiesta. Tale termine potr\u00e0 essere prorogato fino a due mesi, a seconda della complessit\u00e0 e del numero delle domande; in tal caso, l&#8217;interessato ne verr\u00e0 informato. <\/p><p>Inoltre, puoi presentare un reclamo in merito al trattamento dei tuoi dati personali all&#8217;autorit\u00e0 di controllo competente se ritieni che siano stati violati i tuoi diritti previsti dalla legge applicabile.<\/p><h2>8. TRASFERIMENTI INTERNAZIONALI DI DATI<\/h2><p>La informiamo che, sebbene non sia previsto alcun trasferimento internazionale, la prestazione dei servizi da parte di ALPARGATAS ai propri clienti potr\u00e0 essere associata a trasferimenti internazionali impliciti di dati. In tal caso, tali trasferimenti saranno regolati in conformit\u00e0 a quanto previsto dalla normativa vigente in materia di protezione dei dati, come indicato dai suddetti terzi. <\/p><h2>9. DATI PERSONALI DI TERZI<\/h2><p>Se si inseriscono dati personali relativi a un&#8217;altra persona, prima di includere o comunicare tali dati, \u00e8 necessario informare detta persona del contenuto della presente Informativa sulla privacy. In ogni caso, garantisci di aver ottenuto il previo consenso di queste terze parti per comunicare i tuoi dati personali ad ALPARGATAS. <\/p><h2>10. MODIFICA DELLA PRIVACY POLICY<\/h2><p>ALPARGATAS si riserva il diritto di modificare e\/o aggiornare la presente informativa sulla privacy in qualsiasi momento per adattarla alla legislazione applicabile. In ogni caso, la nuova politica sar\u00e0 pubblicata su questo Sito Web e rimarr\u00e0 sempre a disposizione degli utenti e dei visitatori. Ti consigliamo di consultare regolarmente il Sito Web per assicurarti di essere a conoscenza di eventuali modifiche.  <\/p>\t\t\t\t\t\t\t\t<\/div>\n\t\t\t\t<\/div>\n\t\t\t\t\t<\/div>\n\t\t\t\t<\/div>\n\t\t\t\t<\/div>\n\t\t","protected":false},"excerpt":{"rendered":"<p>Informativa sulla privacy La presente Informativa sulla privacy ha lo scopo di informare gli interessati sulla raccolta e il trattamento dei dati personali forniti dai clienti o utenti tramite il sito web www.havaianas-store.com (di seguito, il &#8220;Sito web&#8221;). Il Sito Web \u00e8 di propriet\u00e0 di ALPARGATAS EUROPE S.L.U., con sede legale in Avenida Arroyo del [&hellip;]<\/p>\n","protected":false},"author":1,"featured_media":0,"parent":0,"menu_order":0,"comment_status":"closed","ping_status":"closed","template":"elementor_header_footer","meta":{"footnotes":""},"class_list":["post-2458","page","type-page","status-publish","hentry"],"yoast_head":"<!-- This site is optimized with the Yoast SEO plugin v25.1 - https:\/\/yoast.com\/wordpress\/plugins\/seo\/ -->\n<title>Informativa sulla privacy | Blog Havaianas<\/title>\n<meta name=\"robots\" content=\"index, follow, max-snippet:-1, max-image-preview:large, max-video-preview:-1\" \/>\n<link rel=\"canonical\" href=\"https:\/\/blog.havaianas-store.com\/it\/politica-privacy\/\" \/>\n<meta property=\"og:locale\" content=\"it_IT\" \/>\n<meta property=\"og:type\" content=\"article\" \/>\n<meta property=\"og:title\" content=\"Informativa sulla privacy | Blog Havaianas\" \/>\n<meta property=\"og:description\" content=\"Informativa sulla privacy La presente Informativa sulla privacy ha lo scopo di informare gli interessati sulla raccolta e il trattamento dei dati personali forniti dai clienti o utenti tramite il sito web www.havaianas-store.com (di seguito, il &#8220;Sito web&#8221;). Il Sito Web \u00e8 di propriet\u00e0 di ALPARGATAS EUROPE S.L.U., con sede legale in Avenida Arroyo del [&hellip;]\" \/>\n<meta property=\"og:url\" content=\"https:\/\/blog.havaianas-store.com\/it\/politica-privacy\/\" \/>\n<meta property=\"og:site_name\" content=\"Blog Havaianas\" \/>\n<meta property=\"article:modified_time\" content=\"2025-05-27T11:19:22+00:00\" \/>\n<meta name=\"twitter:card\" content=\"summary_large_image\" \/>\n<meta name=\"twitter:label1\" content=\"Tempo di lettura stimato\" \/>\n\t<meta name=\"twitter:data1\" content=\"8 minuti\" \/>\n<script type=\"application\/ld+json\" class=\"yoast-schema-graph\">{\"@context\":\"https:\/\/schema.org\",\"@graph\":[{\"@type\":\"WebPage\",\"@id\":\"https:\/\/blog.havaianas-store.com\/it\/politica-privacy\/\",\"url\":\"https:\/\/blog.havaianas-store.com\/it\/politica-privacy\/\",\"name\":\"Informativa sulla privacy | Blog Havaianas\",\"isPartOf\":{\"@id\":\"https:\/\/blog.havaianas-store.com\/#website\"},\"datePublished\":\"2022-04-06T07:02:17+00:00\",\"dateModified\":\"2025-05-27T11:19:22+00:00\",\"breadcrumb\":{\"@id\":\"https:\/\/blog.havaianas-store.com\/it\/politica-privacy\/#breadcrumb\"},\"inLanguage\":\"it-IT\",\"potentialAction\":[{\"@type\":\"ReadAction\",\"target\":[\"https:\/\/blog.havaianas-store.com\/it\/politica-privacy\/\"]}]},{\"@type\":\"BreadcrumbList\",\"@id\":\"https:\/\/blog.havaianas-store.com\/it\/politica-privacy\/#breadcrumb\",\"itemListElement\":[{\"@type\":\"ListItem\",\"position\":1,\"name\":\"Home\",\"item\":\"https:\/\/blog.havaianas-store.com\/it\/home\/\"},{\"@type\":\"ListItem\",\"position\":2,\"name\":\"Informativa sulla privacy\"}]},{\"@type\":\"WebSite\",\"@id\":\"https:\/\/blog.havaianas-store.com\/#website\",\"url\":\"https:\/\/blog.havaianas-store.com\/\",\"name\":\"Blog Havaianas\",\"description\":\"\",\"publisher\":{\"@id\":\"https:\/\/blog.havaianas-store.com\/#organization\"},\"potentialAction\":[{\"@type\":\"SearchAction\",\"target\":{\"@type\":\"EntryPoint\",\"urlTemplate\":\"https:\/\/blog.havaianas-store.com\/?s={search_term_string}\"},\"query-input\":{\"@type\":\"PropertyValueSpecification\",\"valueRequired\":true,\"valueName\":\"search_term_string\"}}],\"inLanguage\":\"it-IT\"},{\"@type\":\"Organization\",\"@id\":\"https:\/\/blog.havaianas-store.com\/#organization\",\"name\":\"Blog Havaianas\",\"url\":\"https:\/\/blog.havaianas-store.com\/\",\"logo\":{\"@type\":\"ImageObject\",\"inLanguage\":\"it-IT\",\"@id\":\"https:\/\/blog.havaianas-store.com\/#\/schema\/logo\/image\/\",\"url\":\"https:\/\/blog.havaianas-store.com\/wp-content\/uploads\/2022\/05\/logo_2.png\",\"contentUrl\":\"https:\/\/blog.havaianas-store.com\/wp-content\/uploads\/2022\/05\/logo_2.png\",\"width\":293,\"height\":138,\"caption\":\"Blog Havaianas\"},\"image\":{\"@id\":\"https:\/\/blog.havaianas-store.com\/#\/schema\/logo\/image\/\"}}]}<\/script>\n<!-- \/ Yoast SEO plugin. -->","yoast_head_json":{"title":"Informativa sulla privacy | Blog Havaianas","robots":{"index":"index","follow":"follow","max-snippet":"max-snippet:-1","max-image-preview":"max-image-preview:large","max-video-preview":"max-video-preview:-1"},"canonical":"https:\/\/blog.havaianas-store.com\/it\/politica-privacy\/","og_locale":"it_IT","og_type":"article","og_title":"Informativa sulla privacy | Blog Havaianas","og_description":"Informativa sulla privacy La presente Informativa sulla privacy ha lo scopo di informare gli interessati sulla raccolta e il trattamento dei dati personali forniti dai clienti o utenti tramite il sito web www.havaianas-store.com (di seguito, il &#8220;Sito web&#8221;). Il Sito Web \u00e8 di propriet\u00e0 di ALPARGATAS EUROPE S.L.U., con sede legale in Avenida Arroyo del [&hellip;]","og_url":"https:\/\/blog.havaianas-store.com\/it\/politica-privacy\/","og_site_name":"Blog Havaianas","article_modified_time":"2025-05-27T11:19:22+00:00","twitter_card":"summary_large_image","twitter_misc":{"Tempo di lettura stimato":"8 minuti"},"schema":{"@context":"https:\/\/schema.org","@graph":[{"@type":"WebPage","@id":"https:\/\/blog.havaianas-store.com\/it\/politica-privacy\/","url":"https:\/\/blog.havaianas-store.com\/it\/politica-privacy\/","name":"Informativa sulla privacy | Blog Havaianas","isPartOf":{"@id":"https:\/\/blog.havaianas-store.com\/#website"},"datePublished":"2022-04-06T07:02:17+00:00","dateModified":"2025-05-27T11:19:22+00:00","breadcrumb":{"@id":"https:\/\/blog.havaianas-store.com\/it\/politica-privacy\/#breadcrumb"},"inLanguage":"it-IT","potentialAction":[{"@type":"ReadAction","target":["https:\/\/blog.havaianas-store.com\/it\/politica-privacy\/"]}]},{"@type":"BreadcrumbList","@id":"https:\/\/blog.havaianas-store.com\/it\/politica-privacy\/#breadcrumb","itemListElement":[{"@type":"ListItem","position":1,"name":"Home","item":"https:\/\/blog.havaianas-store.com\/it\/home\/"},{"@type":"ListItem","position":2,"name":"Informativa sulla privacy"}]},{"@type":"WebSite","@id":"https:\/\/blog.havaianas-store.com\/#website","url":"https:\/\/blog.havaianas-store.com\/","name":"Blog Havaianas","description":"","publisher":{"@id":"https:\/\/blog.havaianas-store.com\/#organization"},"potentialAction":[{"@type":"SearchAction","target":{"@type":"EntryPoint","urlTemplate":"https:\/\/blog.havaianas-store.com\/?s={search_term_string}"},"query-input":{"@type":"PropertyValueSpecification","valueRequired":true,"valueName":"search_term_string"}}],"inLanguage":"it-IT"},{"@type":"Organization","@id":"https:\/\/blog.havaianas-store.com\/#organization","name":"Blog Havaianas","url":"https:\/\/blog.havaianas-store.com\/","logo":{"@type":"ImageObject","inLanguage":"it-IT","@id":"https:\/\/blog.havaianas-store.com\/#\/schema\/logo\/image\/","url":"https:\/\/blog.havaianas-store.com\/wp-content\/uploads\/2022\/05\/logo_2.png","contentUrl":"https:\/\/blog.havaianas-store.com\/wp-content\/uploads\/2022\/05\/logo_2.png","width":293,"height":138,"caption":"Blog Havaianas"},"image":{"@id":"https:\/\/blog.havaianas-store.com\/#\/schema\/logo\/image\/"}}]}},"_links":{"self":[{"href":"https:\/\/blog.havaianas-store.com\/it\/wp-json\/wp\/v2\/pages\/2458","targetHints":{"allow":["GET"]}}],"collection":[{"href":"https:\/\/blog.havaianas-store.com\/it\/wp-json\/wp\/v2\/pages"}],"about":[{"href":"https:\/\/blog.havaianas-store.com\/it\/wp-json\/wp\/v2\/types\/page"}],"author":[{"embeddable":true,"href":"https:\/\/blog.havaianas-store.com\/it\/wp-json\/wp\/v2\/users\/1"}],"replies":[{"embeddable":true,"href":"https:\/\/blog.havaianas-store.com\/it\/wp-json\/wp\/v2\/comments?post=2458"}],"version-history":[{"count":20,"href":"https:\/\/blog.havaianas-store.com\/it\/wp-json\/wp\/v2\/pages\/2458\/revisions"}],"predecessor-version":[{"id":9945,"href":"https:\/\/blog.havaianas-store.com\/it\/wp-json\/wp\/v2\/pages\/2458\/revisions\/9945"}],"wp:attachment":[{"href":"https:\/\/blog.havaianas-store.com\/it\/wp-json\/wp\/v2\/media?parent=2458"}],"curies":[{"name":"wp","href":"https:\/\/api.w.org\/{rel}","templated":true}]}}