{"id":9550,"date":"2022-05-27T10:28:31","date_gmt":"2022-05-27T10:28:31","guid":{"rendered":"https:\/\/blog.havaianas-store.com\/politica-de-cookies\/"},"modified":"2025-05-14T23:59:28","modified_gmt":"2025-05-14T23:59:28","slug":"politica-de-cookies","status":"publish","type":"page","link":"https:\/\/blog.havaianas-store.com\/pt-pt\/politica-de-cookies\/","title":{"rendered":"Pol\u00edtica de Cookies"},"content":{"rendered":"\t\t<div data-elementor-type=\"wp-page\" data-elementor-id=\"9550\" class=\"elementor elementor-9550 elementor-607\" data-elementor-post-type=\"page\">\n\t\t\t\t<div class=\"elementor-element elementor-element-2bf9c52 e-flex e-con-boxed e-con e-parent\" data-id=\"2bf9c52\" data-element_type=\"container\" data-settings=\"{&quot;background_background&quot;:&quot;classic&quot;}\">\n\t\t\t\t\t<div class=\"e-con-inner\">\n\t\t\t\t<div class=\"elementor-element elementor-element-987cc32 elementor-widget elementor-widget-heading\" data-id=\"987cc32\" data-element_type=\"widget\" data-widget_type=\"heading.default\">\n\t\t\t\t<div class=\"elementor-widget-container\">\n\t\t\t\t\t<h1 class=\"elementor-heading-title elementor-size-default\">Pol\u00edtica de Cookies<\/h1>\t\t\t\t<\/div>\n\t\t\t\t<\/div>\n\t\t\t\t<div class=\"elementor-element elementor-element-2a59fb3 elementor-widget elementor-widget-text-editor\" data-id=\"2a59fb3\" data-element_type=\"widget\" data-widget_type=\"text-editor.default\">\n\t\t\t\t<div class=\"elementor-widget-container\">\n\t\t\t\t\t\t\t\t\t<p>Esta Pol\u00edtica de Cookies \u00e9 parte integrante dos Termos e Condi\u00e7\u00f5es e da Pol\u00edtica de Prote\u00e7\u00e3o de Dados de www.havaianas-store.com (doravante, o &#8220;Website&#8221;). O acesso e a navega\u00e7\u00e3o no Website implicam a aceita\u00e7\u00e3o da Pol\u00edtica de Cookies. <\/p><p>Na Alpargatas Europe S.L.U. (doravante, o \u201cprestador\u201d), com sede social na Avenida Arroyo del Santo, n\u00ba 4 bis, 28042 Madrid e CIF B8535858596, utilizamos cookies ou outros ficheiros com funcionalidade semelhante (doravante, os \u201cCookies\u201d) para facilitar a sua navega\u00e7\u00e3o no Website. O fornecedor \u00e9 respons\u00e1vel pelos Cookies. <\/p><p>Nesta Pol\u00edtica de Cookies, informamos sobre os tipos de cookies que utilizamos, a sua finalidade, a sua data de validade, o tratamento dos dados obtidos e como pode geri-los ou elimin\u00e1-los.<\/p><h2>O que \u00e9 um cookie?<\/h2><p>Os cookies s\u00e3o ficheiros que cont\u00eam pequenas quantidades de informa\u00e7\u00e3o que s\u00e3o descarregadas para o dispositivo do utilizador quando este visita um website.<\/p><p>Os cookies s\u00e3o essenciais para o funcionamento da Internet, n\u00e3o podem danificar o seu dispositivo e, se ativados nas defini\u00e7\u00f5es do seu browser, ajudam a identificar e a resolver poss\u00edveis erros no funcionamento do Site. Os cookies servem muitas finalidades, como permitir-lhe navegar entre p\u00e1ginas de forma eficiente, lembrar-se das suas prefer\u00eancias e, de um modo geral, melhorar a sua experi\u00eancia de utilizador. Tamb\u00e9m ajudam a garantir que os an\u00fancios que v\u00ea online s\u00e3o mais relevantes para os seus interesses.  <\/p><h2>Utiliza\u00e7\u00e3o de Cookies pelo fornecedor<\/h2><p>Ao aceitar o banner de Cookies que aparece no in\u00edcio da sua experi\u00eancia de navega\u00e7\u00e3o no Site ou ao configurar as defini\u00e7\u00f5es de Cookies, concorda expressamente com a utiliza\u00e7\u00e3o de tais Cookies no seu dispositivo. Se desativar os cookies, alguns dos recursos dispon\u00edveis no site poder\u00e3o n\u00e3o funcionar corretamente. <\/p><p>Especificamente, o fornecedor est\u00e1 a utilizar Cookies para os fins definidos abaixo. Informaremos se o fornecedor utilizar outros cookies no futuro com a finalidade de fornecer mais e melhores servi\u00e7os. <\/p><h2>COOKIES ESTRITAMENTE NECESS\u00c1RIOS<\/h2><p>Estes cookies s\u00e3o necess\u00e1rios para o funcionamento do Site e, se os eliminar ou bloquear, o Site poder\u00e1 n\u00e3o funcionar corretamente ou n\u00e3o funcionar corretamente. O seu principal objetivo \u00e9 responder \u00e0s a\u00e7\u00f5es que realiza para receber servi\u00e7os, como ajustar as suas prefer\u00eancias de privacidade, iniciar sess\u00e3o no Site ou recordar informa\u00e7\u00f5es inseridas ao preencher formul\u00e1rios. Estes cookies n\u00e3o armazenam qualquer informa\u00e7\u00e3o pessoalmente identific\u00e1vel.  <\/p><h2>COOKIES DE DESEMPENHO<\/h2><p>Estes cookies permitem-nos contar visitas e fontes de tr\u00e1fego para que possamos medir e melhorar o desempenho do website. Ajudam-nos a saber quais as p\u00e1ginas do site mais e menos populares e a ver quantas pessoas visitam o site em geral. Todas as informa\u00e7\u00f5es recolhidas por estes cookies s\u00e3o agregadas (ou seja, n\u00e3o armazenamos hist\u00f3ricos individuais de visitantes, mas recolhemos informa\u00e7\u00f5es sobre tend\u00eancias gerais de utiliza\u00e7\u00e3o). Se n\u00e3o permitir estes cookies, n\u00e3o saberemos quando visitou o site e, por isso, ser\u00e1 mais dif\u00edcil gerar conte\u00fado semelhante ao que gera mais interesse.   <\/p><p>* O ContentSquare \u00e9 uma solu\u00e7\u00e3o que agrega dados de utiliza\u00e7\u00e3o e frequ\u00eancia para melhorar a experi\u00eancia do utilizador. As estat\u00edsticas geradas s\u00e3o an\u00f3nimas. Para cancelar este rastreio, clique aqui.  <br>Link para a Pol\u00edtica de Privacidade da Contentsquare: https:\/\/www.contentsquare.com\/privacy-and-security\/<\/p><h2>COOKIES DE FUNCIONALIDADE<\/h2><p>Estes cookies permitem que o website ofere\u00e7a funcionalidade e personaliza\u00e7\u00e3o melhoradas aos utilizadores, lembrando as altera\u00e7\u00f5es de configura\u00e7\u00e3o que estes fazem nos elementos configur\u00e1veis \u200b\u200bdo website, como o idioma em que o website deve ser apresentado ou a regi\u00e3o de onde o utilizador visita. Podem ser definidos por n\u00f3s ou por terceiros cujos servi\u00e7os adicionamos ao nosso website. Se n\u00e3o permitir ou eliminar estes cookies, n\u00e3o nos poderemos lembrar das suas prefer\u00eancias.  <\/p><h2>Cookies direcionados ou publicit\u00e1rios<\/h2><p>Os cookies de segmenta\u00e7\u00e3o ou publicidade s\u00e3o colocados no seu dispositivo quando visita qualquer p\u00e1gina do Site, pelos nossos parceiros de publicidade e nos nossos servidores. Estes tipos de cookies s\u00e3o utilizados para criar um perfil dos seus interesses com base nos seus h\u00e1bitos de navega\u00e7\u00e3o e mostrar an\u00fancios relevantes noutros sites, identificando o seu navegador e dispositivo. Se n\u00e3o permitir estes cookies, ser\u00e3o ainda exibidas publicidades, mas n\u00e3o ser\u00e3o adaptadas aos seus interesses.  <\/p><p>Para al\u00e9m dos Cookies descritos abaixo, o Site oferece a op\u00e7\u00e3o de partilha de conte\u00fados em diversas redes sociais. As empresas que operam estas redes sociais podem tamb\u00e9m obter informa\u00e7\u00f5es sobre os seus h\u00e1bitos de navega\u00e7\u00e3o. Inclu\u00edmos abaixo links para as pol\u00edticas de privacidade destas empresas para que possa saber mais sobre como podem utilizar os seus dados pessoais:  <\/p><p>FACEBOOK https:\/\/es-es.facebook.com\/policies\/cookies\/<\/p><p>TWITTER https:\/\/twitter.com\/es\/privacy<\/p><p>PINTEREST https:\/\/policy.pinterest.com\/es\/cookies<\/p><h2>Controlo e elimina\u00e7\u00e3o de cookies<\/h2><p>Utilizando a ferramenta de defini\u00e7\u00f5es de cookies do site, tem a op\u00e7\u00e3o de rejeitar ou aceitar cookies que exijam o seu consentimento (ou seja, aqueles que n\u00e3o s\u00e3o estritamente necess\u00e1rios).<br>Tamb\u00e9m pode gerir e eliminar os cookies instalados no seu dispositivo, alterando as defini\u00e7\u00f5es do seu navegador:<\/p><p>Firefox: https:\/\/support.mozilla.org\/es\/kb\/habilitar-y-deshabilitar-cookies-sitios-web-rastrear-preferencias<\/p><p>Chrome: https:\/\/support.google.com\/accounts\/answer\/61416?hl=es<\/p><p>Explorer: https:\/\/support.microsoft.com\/es-es\/help\/17442\/windows-internet-explorer-dele<\/p><p>Safari: https:\/\/support.apple.com\/es-es\/guide\/safari\/sfri11471\/mac<\/p><p>Opera: https:\/\/help.opera.com\/Windows\/11.50\/es-ES\/cookies.html<\/p><p>Lembramos que se desejar limitar a utiliza\u00e7\u00e3o de Cookies, n\u00e3o poder\u00e1 utilizar todas as funcionalidades interativas do nosso Site.<\/p><p>\u00daltima atualiza\u00e7\u00e3o: 15 de outubro de 2020.<\/p>\t\t\t\t\t\t\t\t<\/div>\n\t\t\t\t<\/div>\n\t\t\t\t\t<\/div>\n\t\t\t\t<\/div>\n\t\t\t\t<\/div>\n\t\t","protected":false},"excerpt":{"rendered":"<p>Pol\u00edtica de Cookies Esta Pol\u00edtica de Cookies \u00e9 parte integrante dos Termos e Condi\u00e7\u00f5es e da Pol\u00edtica de Prote\u00e7\u00e3o de Dados de www.havaianas-store.com (doravante, o &#8220;Website&#8221;). O acesso e a navega\u00e7\u00e3o no Website implicam a aceita\u00e7\u00e3o da Pol\u00edtica de Cookies. Na Alpargatas Europe S.L.U. (doravante, o \u201cprestador\u201d), com sede social na Avenida Arroyo del Santo, [&hellip;]<\/p>\n","protected":false},"author":2,"featured_media":0,"parent":0,"menu_order":0,"comment_status":"closed","ping_status":"closed","template":"elementor_header_footer","meta":{"footnotes":""},"class_list":["post-9550","page","type-page","status-publish","hentry"],"yoast_head":"<!-- This site is optimized with the Yoast SEO plugin v25.1 - https:\/\/yoast.com\/wordpress\/plugins\/seo\/ -->\n<title>Pol\u00edtica de Cookies | Blog Havaianas<\/title>\n<meta name=\"robots\" content=\"index, follow, max-snippet:-1, max-image-preview:large, max-video-preview:-1\" \/>\n<link rel=\"canonical\" href=\"https:\/\/blog.havaianas-store.com\/pt-pt\/politica-de-cookies\/\" \/>\n<meta property=\"og:locale\" content=\"pt_PT\" \/>\n<meta property=\"og:type\" content=\"article\" \/>\n<meta property=\"og:title\" content=\"Pol\u00edtica de Cookies | Blog Havaianas\" \/>\n<meta property=\"og:description\" content=\"Pol\u00edtica de Cookies Esta Pol\u00edtica de Cookies \u00e9 parte integrante dos Termos e Condi\u00e7\u00f5es e da Pol\u00edtica de Prote\u00e7\u00e3o de Dados de www.havaianas-store.com (doravante, o &#8220;Website&#8221;). O acesso e a navega\u00e7\u00e3o no Website implicam a aceita\u00e7\u00e3o da Pol\u00edtica de Cookies. Na Alpargatas Europe S.L.U. (doravante, o \u201cprestador\u201d), com sede social na Avenida Arroyo del Santo, [&hellip;]\" \/>\n<meta property=\"og:url\" content=\"https:\/\/blog.havaianas-store.com\/pt-pt\/politica-de-cookies\/\" \/>\n<meta property=\"og:site_name\" content=\"Blog Havaianas\" \/>\n<meta property=\"article:modified_time\" content=\"2025-05-14T23:59:28+00:00\" \/>\n<meta name=\"twitter:card\" content=\"summary_large_image\" \/>\n<meta name=\"twitter:label1\" content=\"Tempo estimado de leitura\" \/>\n\t<meta name=\"twitter:data1\" content=\"5 minutos\" \/>\n<script type=\"application\/ld+json\" class=\"yoast-schema-graph\">{\"@context\":\"https:\/\/schema.org\",\"@graph\":[{\"@type\":\"WebPage\",\"@id\":\"https:\/\/blog.havaianas-store.com\/pt-pt\/politica-de-cookies\/\",\"url\":\"https:\/\/blog.havaianas-store.com\/pt-pt\/politica-de-cookies\/\",\"name\":\"Pol\u00edtica de Cookies | Blog Havaianas\",\"isPartOf\":{\"@id\":\"https:\/\/blog.havaianas-store.com\/#website\"},\"datePublished\":\"2022-05-27T10:28:31+00:00\",\"dateModified\":\"2025-05-14T23:59:28+00:00\",\"breadcrumb\":{\"@id\":\"https:\/\/blog.havaianas-store.com\/pt-pt\/politica-de-cookies\/#breadcrumb\"},\"inLanguage\":\"pt-PT\",\"potentialAction\":[{\"@type\":\"ReadAction\",\"target\":[\"https:\/\/blog.havaianas-store.com\/pt-pt\/politica-de-cookies\/\"]}]},{\"@type\":\"BreadcrumbList\",\"@id\":\"https:\/\/blog.havaianas-store.com\/pt-pt\/politica-de-cookies\/#breadcrumb\",\"itemListElement\":[{\"@type\":\"ListItem\",\"position\":1,\"name\":\"Home\",\"item\":\"https:\/\/blog.havaianas-store.com\/pt-pt\/home\/\"},{\"@type\":\"ListItem\",\"position\":2,\"name\":\"Pol\u00edtica de Cookies\"}]},{\"@type\":\"WebSite\",\"@id\":\"https:\/\/blog.havaianas-store.com\/#website\",\"url\":\"https:\/\/blog.havaianas-store.com\/\",\"name\":\"Blog Havaianas\",\"description\":\"\",\"publisher\":{\"@id\":\"https:\/\/blog.havaianas-store.com\/#organization\"},\"potentialAction\":[{\"@type\":\"SearchAction\",\"target\":{\"@type\":\"EntryPoint\",\"urlTemplate\":\"https:\/\/blog.havaianas-store.com\/?s={search_term_string}\"},\"query-input\":{\"@type\":\"PropertyValueSpecification\",\"valueRequired\":true,\"valueName\":\"search_term_string\"}}],\"inLanguage\":\"pt-PT\"},{\"@type\":\"Organization\",\"@id\":\"https:\/\/blog.havaianas-store.com\/#organization\",\"name\":\"Blog Havaianas\",\"url\":\"https:\/\/blog.havaianas-store.com\/\",\"logo\":{\"@type\":\"ImageObject\",\"inLanguage\":\"pt-PT\",\"@id\":\"https:\/\/blog.havaianas-store.com\/#\/schema\/logo\/image\/\",\"url\":\"https:\/\/blog.havaianas-store.com\/wp-content\/uploads\/2022\/05\/logo_2.png\",\"contentUrl\":\"https:\/\/blog.havaianas-store.com\/wp-content\/uploads\/2022\/05\/logo_2.png\",\"width\":293,\"height\":138,\"caption\":\"Blog Havaianas\"},\"image\":{\"@id\":\"https:\/\/blog.havaianas-store.com\/#\/schema\/logo\/image\/\"}}]}<\/script>\n<!-- \/ Yoast SEO plugin. -->","yoast_head_json":{"title":"Pol\u00edtica de Cookies | Blog Havaianas","robots":{"index":"index","follow":"follow","max-snippet":"max-snippet:-1","max-image-preview":"max-image-preview:large","max-video-preview":"max-video-preview:-1"},"canonical":"https:\/\/blog.havaianas-store.com\/pt-pt\/politica-de-cookies\/","og_locale":"pt_PT","og_type":"article","og_title":"Pol\u00edtica de Cookies | Blog Havaianas","og_description":"Pol\u00edtica de Cookies Esta Pol\u00edtica de Cookies \u00e9 parte integrante dos Termos e Condi\u00e7\u00f5es e da Pol\u00edtica de Prote\u00e7\u00e3o de Dados de www.havaianas-store.com (doravante, o &#8220;Website&#8221;). O acesso e a navega\u00e7\u00e3o no Website implicam a aceita\u00e7\u00e3o da Pol\u00edtica de Cookies. Na Alpargatas Europe S.L.U. (doravante, o \u201cprestador\u201d), com sede social na Avenida Arroyo del Santo, [&hellip;]","og_url":"https:\/\/blog.havaianas-store.com\/pt-pt\/politica-de-cookies\/","og_site_name":"Blog Havaianas","article_modified_time":"2025-05-14T23:59:28+00:00","twitter_card":"summary_large_image","twitter_misc":{"Tempo estimado de leitura":"5 minutos"},"schema":{"@context":"https:\/\/schema.org","@graph":[{"@type":"WebPage","@id":"https:\/\/blog.havaianas-store.com\/pt-pt\/politica-de-cookies\/","url":"https:\/\/blog.havaianas-store.com\/pt-pt\/politica-de-cookies\/","name":"Pol\u00edtica de Cookies | Blog Havaianas","isPartOf":{"@id":"https:\/\/blog.havaianas-store.com\/#website"},"datePublished":"2022-05-27T10:28:31+00:00","dateModified":"2025-05-14T23:59:28+00:00","breadcrumb":{"@id":"https:\/\/blog.havaianas-store.com\/pt-pt\/politica-de-cookies\/#breadcrumb"},"inLanguage":"pt-PT","potentialAction":[{"@type":"ReadAction","target":["https:\/\/blog.havaianas-store.com\/pt-pt\/politica-de-cookies\/"]}]},{"@type":"BreadcrumbList","@id":"https:\/\/blog.havaianas-store.com\/pt-pt\/politica-de-cookies\/#breadcrumb","itemListElement":[{"@type":"ListItem","position":1,"name":"Home","item":"https:\/\/blog.havaianas-store.com\/pt-pt\/home\/"},{"@type":"ListItem","position":2,"name":"Pol\u00edtica de Cookies"}]},{"@type":"WebSite","@id":"https:\/\/blog.havaianas-store.com\/#website","url":"https:\/\/blog.havaianas-store.com\/","name":"Blog Havaianas","description":"","publisher":{"@id":"https:\/\/blog.havaianas-store.com\/#organization"},"potentialAction":[{"@type":"SearchAction","target":{"@type":"EntryPoint","urlTemplate":"https:\/\/blog.havaianas-store.com\/?s={search_term_string}"},"query-input":{"@type":"PropertyValueSpecification","valueRequired":true,"valueName":"search_term_string"}}],"inLanguage":"pt-PT"},{"@type":"Organization","@id":"https:\/\/blog.havaianas-store.com\/#organization","name":"Blog Havaianas","url":"https:\/\/blog.havaianas-store.com\/","logo":{"@type":"ImageObject","inLanguage":"pt-PT","@id":"https:\/\/blog.havaianas-store.com\/#\/schema\/logo\/image\/","url":"https:\/\/blog.havaianas-store.com\/wp-content\/uploads\/2022\/05\/logo_2.png","contentUrl":"https:\/\/blog.havaianas-store.com\/wp-content\/uploads\/2022\/05\/logo_2.png","width":293,"height":138,"caption":"Blog Havaianas"},"image":{"@id":"https:\/\/blog.havaianas-store.com\/#\/schema\/logo\/image\/"}}]}},"_links":{"self":[{"href":"https:\/\/blog.havaianas-store.com\/pt-pt\/wp-json\/wp\/v2\/pages\/9550","targetHints":{"allow":["GET"]}}],"collection":[{"href":"https:\/\/blog.havaianas-store.com\/pt-pt\/wp-json\/wp\/v2\/pages"}],"about":[{"href":"https:\/\/blog.havaianas-store.com\/pt-pt\/wp-json\/wp\/v2\/types\/page"}],"author":[{"embeddable":true,"href":"https:\/\/blog.havaianas-store.com\/pt-pt\/wp-json\/wp\/v2\/users\/2"}],"replies":[{"embeddable":true,"href":"https:\/\/blog.havaianas-store.com\/pt-pt\/wp-json\/wp\/v2\/comments?post=9550"}],"version-history":[{"count":3,"href":"https:\/\/blog.havaianas-store.com\/pt-pt\/wp-json\/wp\/v2\/pages\/9550\/revisions"}],"predecessor-version":[{"id":9838,"href":"https:\/\/blog.havaianas-store.com\/pt-pt\/wp-json\/wp\/v2\/pages\/9550\/revisions\/9838"}],"wp:attachment":[{"href":"https:\/\/blog.havaianas-store.com\/pt-pt\/wp-json\/wp\/v2\/media?parent=9550"}],"curies":[{"name":"wp","href":"https:\/\/api.w.org\/{rel}","templated":true}]}}